


{"id":1765,"date":"2023-08-11T18:37:03","date_gmt":"2023-08-11T18:37:03","guid":{"rendered":"https:\/\/www.millardk12.org\/dms\/?page_id=1765"},"modified":"2023-11-30T23:54:37","modified_gmt":"2023-11-30T23:54:37","slug":"college-and-career-awareness","status":"publish","type":"page","link":"https:\/\/www.millardk12.org\/dms\/counseling-resources\/college-and-career-awareness\/","title":{"rendered":"College and Career Awareness"},"content":{"rendered":"\n<h1 class=\"wp-block-heading has-text-align-center has-red-color has-text-color\" style=\"font-size:60px;font-style:normal;font-weight:800\">College and Career Awareness<\/h1>\n\n\n\n<h1 class=\"wp-block-heading has-text-align-center has-grey-color has-text-color has-huge-font-size\" style=\"font-style:normal;font-weight:800\">1, 2, 4 or MORE<\/h1>\n\n\n<div class=\"wp-block-image\">\n<figure class=\"aligncenter size-full is-resized\"><img loading=\"lazy\" decoding=\"async\" width=\"690\" height=\"894\" src=\"https:\/\/www.millardk12.org\/dms\/wp-content\/uploads\/sites\/3\/2023\/09\/1_2_4_updated_poster-1.png\" alt=\"\" class=\"wp-image-2058\" style=\"width:450px;height:583px\" srcset=\"https:\/\/www.millardk12.org\/dms\/wp-content\/uploads\/sites\/3\/2023\/09\/1_2_4_updated_poster-1.png 690w, https:\/\/www.millardk12.org\/dms\/wp-content\/uploads\/sites\/3\/2023\/09\/1_2_4_updated_poster-1-232x300.png 232w\" sizes=\"auto, (max-width: 690px) 100vw, 690px\" \/><\/figure>\n<\/div>\n\n\n<p class=\"has-text-align-center\"><\/p>\n\n\n\n<h4 class=\"wp-block-heading has-text-align-center\"><strong>Students are assisted in developing an awareness of the post-high school education or training programs available to them that take 1, 2, 4 or more years to complete:<\/strong><\/h4>\n\n\n\n<h4 class=\"wp-block-heading has-text-align-center\"><b>&#8211; <\/b><strong style=\"font-weight: bold;\">Trade\/Tech School<\/strong>: <strong>1 or 2 year skills certificate in a particular career area<br>&#8211; 2 year Associate Degree or Applied Associate Degree <\/strong>                                                                                    <strong>(less general education classes, more career classes)<br>&#8211; 4 year Bachelor Degree<br>&#8211; Masters, Doctorate and Professional Degrees<br>&#8211; Apprenticeship<br>&#8211; Military&#8230;.<\/strong><\/h4>\n\n\n\n<p class=\"has-text-align-center\">Se ayuda a los estudiantes a desarrollar conciencia sobre la educaci\u00f3n posterior a la escuela secundaria o los programas de capacitaci\u00f3n disponibles para ellos que toman 1, 2, 4 o m\u00e1s a\u00f1os en completarse: <\/p>\n\n\n\n<p class=\"has-text-align-center\">&#8211; Certificado de habilidades de 1 o 2 a\u00f1os en un \u00e1rea profesional particular Escuela de Comercio\/Tecnolog\u00eda                     &#8211; T\u00edtulo asociado de 2 a\u00f1os o t\u00edtulo asociado aplicado (menos clases de educaci\u00f3n general, m\u00e1s clases profesionales)                                                                                                                                                                                                      &#8211; Licenciatura de 4 a\u00f1os                                                                                                                                                                        &#8211; Maestr\u00edas, Doctorados y T\u00edtulos Profesionales                                                                                                                             &#8211; Aprendizaje                                                                                                                                                                                            &#8211; Military&#8230;.<\/p>\n\n\n\n<div style=\"height:76px\" aria-hidden=\"true\" class=\"wp-block-spacer\"><\/div>\n\n\n<div class=\"wp-block-image\">\n<figure class=\"aligncenter size-full is-resized\"><img loading=\"lazy\" decoding=\"async\" width=\"295\" height=\"171\" src=\"https:\/\/www.millardk12.org\/dms\/wp-content\/uploads\/sites\/3\/2023\/08\/majorclarity.png\" alt=\"\" class=\"wp-image-1799\" style=\"width:371px;height:215px\"\/><figcaption class=\"wp-element-caption\">A career exploration and academic planning platform that promotes student readiness for post-secondary success.<br><br>Una plataforma de exploraci\u00f3n de carreras y planificaci\u00f3n acad\u00e9mica que promueve la preparaci\u00f3n de los estudiantes para el \u00e9xito postsecundario.<\/figcaption><\/figure>\n<\/div>\n\n<a href=\"https:\/\/www.millardk12.org\/dms\/wp-content\/uploads\/sites\/3\/2023\/08\/MajorClarity-Intro-lesson-Career-Exploration-.pdf\" class=\"pdfemb-viewer\" style=\"\" data-width=\"max\" data-height=\"max\" data-toolbar=\"bottom\" data-toolbar-fixed=\"off\">MajorClarity-Intro-lesson-Career-Exploration-<\/a>\n<p class=\"wp-block-pdfemb-pdf-embedder-viewer\"><\/p>\n\n\n<a href=\"https:\/\/www.millardk12.org\/dms\/wp-content\/uploads\/sites\/3\/2023\/08\/MajorClarity-lesson-Part-2-career-exploration-connected-with-collegecollege.pdf\" class=\"pdfemb-viewer\" style=\"\" data-width=\"max\" data-height=\"max\" data-toolbar=\"bottom\" data-toolbar-fixed=\"off\">MajorClarity-lesson-Part-2-career-exploration-connected-with-collegecollege<\/a>\n<p class=\"wp-block-pdfemb-pdf-embedder-viewer\"><\/p>\n\n\n\n<div style=\"height:76px\" aria-hidden=\"true\" class=\"wp-block-spacer\"><\/div>\n\n\n<div class=\"wp-block-image\">\n<figure class=\"aligncenter size-large is-resized\"><a href=\"https:\/\/realitytown.com\/\" target=\"_blank\" rel=\"noreferrer noopener\"><img loading=\"lazy\" decoding=\"async\" width=\"1024\" height=\"124\" src=\"https:\/\/www.millardk12.org\/dms\/wp-content\/uploads\/sites\/3\/2023\/08\/cropped-reality-town-logo-m2-1024x124.png\" alt=\"\" class=\"wp-image-1823\" style=\"width:518px;height:62px\" srcset=\"https:\/\/www.millardk12.org\/dms\/wp-content\/uploads\/sites\/3\/2023\/08\/cropped-reality-town-logo-m2-1024x124.png 1024w, https:\/\/www.millardk12.org\/dms\/wp-content\/uploads\/sites\/3\/2023\/08\/cropped-reality-town-logo-m2-300x36.png 300w, https:\/\/www.millardk12.org\/dms\/wp-content\/uploads\/sites\/3\/2023\/08\/cropped-reality-town-logo-m2-768x93.png 768w, https:\/\/www.millardk12.org\/dms\/wp-content\/uploads\/sites\/3\/2023\/08\/cropped-reality-town-logo-m2.png 1096w\" sizes=\"auto, (max-width: 1024px) 100vw, 1024px\" \/><\/a><figcaption class=\"wp-element-caption\">What is Reality Town?<br>Reality Town is a fun, hands-on curriculum for 8th grade students that culminates in a two hour simulation where students take on a career, salary, spouse, or lack thereof, children and the financial obligations of a 30 year old adult.  Students are responsible for making financial decisions and standard monthly expenditures for their Reality Town family.  They see firsthand the financial obligations that await them and the oftentimes difficult decisions that must be made as an adult.<br><br>Reality Town es un curr\u00edculo divertido y pr\u00e1ctico para estudiantes de 8.\u00b0 grado que culmina en una simulaci\u00f3n de dos horas en la que los estudiantes asumen una carrera, salario, c\u00f3nyuge o falta de \u00e9l, hijos y las obligaciones financieras de un adulto de 30 a\u00f1os. Los estudiantes son responsables de tomar decisiones financieras y gastos mensuales est\u00e1ndar para su familia de Reality Town. Ven de primera mano las obligaciones financieras que les esperan y las decisiones a menudo dif\u00edciles que deben tomarse como adultos.<br><\/figcaption><\/figure>\n<\/div>\n\n\n<div style=\"height:76px\" aria-hidden=\"true\" class=\"wp-block-spacer\"><\/div>\n\n\n<div class=\"wp-block-image\">\n<figure class=\"aligncenter size-full is-resized\"><img loading=\"lazy\" decoding=\"async\" width=\"300\" height=\"138\" src=\"https:\/\/www.millardk12.org\/dms\/wp-content\/uploads\/sites\/3\/2023\/08\/Keys-to-Success-300x138-1.jpg\" alt=\"\" class=\"wp-image-1800\" style=\"width:449px;height:206px\"\/><figcaption class=\"wp-element-caption\">A College and Career Readiness platform 7th-12th grade students and their parents that provides resources and information specific to Utah. It is accessible by pc or mobile app, Prizes and incentives reward students for taking steps towards college and career readiness.<br><br>Una plataforma de preparaci\u00f3n universitaria y profesional para estudiantes de 7 a 12 grado y sus padres que proporciona recursos e informaci\u00f3n espec\u00edficos de Utah. Es accesible por computadora o aplicaci\u00f3n m\u00f3vil. Los premios e incentivos recompensan a los estudiantes por dar pasos hacia la preparaci\u00f3n universitaria y profesional.<\/figcaption><\/figure>\n<\/div>\n\n\n<div style=\"height:76px\" aria-hidden=\"true\" class=\"wp-block-spacer\"><\/div>\n\n\n<div class=\"wp-block-image\">\n<figure class=\"aligncenter size-full is-resized\"><a href=\"https:\/\/jobsforteenshq.com\/\" target=\"_blank\" rel=\"noreferrer noopener\"><img loading=\"lazy\" decoding=\"async\" width=\"225\" height=\"86\" src=\"https:\/\/www.millardk12.org\/dms\/wp-content\/uploads\/sites\/3\/2023\/08\/jobs_for_teens_logo.gif\" alt=\"\" class=\"wp-image-1848\" style=\"width:424px;height:162px\"\/><\/a><figcaption class=\"wp-element-caption\">We educate teens from age 11-19 about potential jobs&nbsp;and encourage them to build their job skills with blog posts and other resources. We provide resume writing tips, job fair info, interviewing best practices, work permit info, volunteering opportunities, and more to help them succeed.<br><br>Educamos a los adolescentes de 11 a 19 a\u00f1os sobre posibles trabajos y los alentamos a desarrollar sus habilidades laborales con publicaciones de blog y otros recursos. Brindamos consejos para escribir curr\u00edculums, informaci\u00f3n sobre ferias de trabajo, mejores pr\u00e1cticas para entrevistas, informaci\u00f3n sobre permisos de trabajo, oportunidades de voluntariado y m\u00e1s para ayudarlos a tener \u00e9xito.<\/figcaption><\/figure>\n<\/div>\n\n<a href=\"https:\/\/www.millardk12.org\/dms\/wp-content\/uploads\/sites\/3\/2023\/09\/smartstart-guide.pdf\" class=\"pdfemb-viewer\" style=\"\" data-width=\"max\" data-height=\"max\" data-toolbar=\"bottom\" data-toolbar-fixed=\"off\">smartstart-guide<\/a>\n<p class=\"wp-block-pdfemb-pdf-embedder-viewer\"><\/p>\n\n\n\n<div style=\"height:93px\" aria-hidden=\"true\" class=\"wp-block-spacer\"><\/div>\n\n\n\n<h1 class=\"wp-block-heading has-text-align-center has-black-color has-text-color has-larger-font-size\"><strong>Top 5 High Demand, High Wage Jobs:<\/strong><\/h1>\n\n\n<a href=\"https:\/\/www.millardk12.org\/dms\/wp-content\/uploads\/sites\/3\/2023\/08\/4.-Construction-Toolkit.pdf\" class=\"pdfemb-viewer\" style=\"\" data-width=\"max\" data-height=\"max\" data-toolbar=\"bottom\" data-toolbar-fixed=\"off\">4.-Construction-Toolkit<\/a>\n<p class=\"wp-block-pdfemb-pdf-embedder-viewer\"><\/p>\n\n\n<a href=\"https:\/\/www.millardk12.org\/dms\/wp-content\/uploads\/sites\/3\/2023\/08\/5.-Engineering-Toolkit.pdf\" class=\"pdfemb-viewer\" style=\"\" data-width=\"max\" data-height=\"max\" data-toolbar=\"bottom\" data-toolbar-fixed=\"off\">5.-Engineering-Toolkit<\/a>\n<p class=\"wp-block-pdfemb-pdf-embedder-viewer\"><\/p>\n\n\n<a href=\"https:\/\/www.millardk12.org\/dms\/wp-content\/uploads\/sites\/3\/2023\/08\/6.-HEALTH-CARE-Toolkit.pptx.pdf\" class=\"pdfemb-viewer\" style=\"\" data-width=\"max\" data-height=\"max\" data-toolbar=\"bottom\" data-toolbar-fixed=\"off\">6.-HEALTH-CARE-Toolkit.pptx<\/a>\n<p class=\"wp-block-pdfemb-pdf-embedder-viewer\"><\/p>\n\n\n<a href=\"https:\/\/www.millardk12.org\/dms\/wp-content\/uploads\/sites\/3\/2023\/08\/7.-INFO-TECH-AND-COMPUTER-SCIENCE-Toolkit.pdf\" class=\"pdfemb-viewer\" style=\"\" data-width=\"max\" data-height=\"max\" data-toolbar=\"bottom\" data-toolbar-fixed=\"off\">7.-INFO-TECH-AND-COMPUTER-SCIENCE-Toolkit<\/a>\n<p class=\"wp-block-pdfemb-pdf-embedder-viewer\"><\/p>\n\n\n<a href=\"https:\/\/www.millardk12.org\/dms\/wp-content\/uploads\/sites\/3\/2023\/08\/8.-MANUFACTURING-Toolkit.pdf\" class=\"pdfemb-viewer\" style=\"\" data-width=\"max\" data-height=\"max\" data-toolbar=\"bottom\" data-toolbar-fixed=\"off\">8.-MANUFACTURING-Toolkit<\/a>\n<p class=\"wp-block-pdfemb-pdf-embedder-viewer\"><\/p>\n","protected":false},"excerpt":{"rendered":"<p>College and Career Awareness 1, 2, 4 or MORE Students are assisted in developing an awareness of the post-high school education or training programs available to them that take 1, 2, 4 or more years to complete: &#8211; Trade\/Tech School: 1 or 2 year skills certificate in a particular career area&#8211; 2 year Associate Degree [&hellip;]<\/p>\n","protected":false},"author":48,"featured_media":0,"parent":1480,"menu_order":0,"comment_status":"closed","ping_status":"closed","template":"","meta":{"footnotes":""},"class_list":["post-1765","page","type-page","status-publish","hentry"],"_links":{"self":[{"href":"https:\/\/www.millardk12.org\/dms\/wp-json\/wp\/v2\/pages\/1765","targetHints":{"allow":["GET"]}}],"collection":[{"href":"https:\/\/www.millardk12.org\/dms\/wp-json\/wp\/v2\/pages"}],"about":[{"href":"https:\/\/www.millardk12.org\/dms\/wp-json\/wp\/v2\/types\/page"}],"author":[{"embeddable":true,"href":"https:\/\/www.millardk12.org\/dms\/wp-json\/wp\/v2\/users\/48"}],"replies":[{"embeddable":true,"href":"https:\/\/www.millardk12.org\/dms\/wp-json\/wp\/v2\/comments?post=1765"}],"version-history":[{"count":38,"href":"https:\/\/www.millardk12.org\/dms\/wp-json\/wp\/v2\/pages\/1765\/revisions"}],"predecessor-version":[{"id":2357,"href":"https:\/\/www.millardk12.org\/dms\/wp-json\/wp\/v2\/pages\/1765\/revisions\/2357"}],"up":[{"embeddable":true,"href":"https:\/\/www.millardk12.org\/dms\/wp-json\/wp\/v2\/pages\/1480"}],"wp:attachment":[{"href":"https:\/\/www.millardk12.org\/dms\/wp-json\/wp\/v2\/media?parent=1765"}],"curies":[{"name":"wp","href":"https:\/\/api.w.org\/{rel}","templated":true}]}}