


{"id":1796,"date":"2023-08-11T19:50:25","date_gmt":"2023-08-11T19:50:25","guid":{"rendered":"https:\/\/www.millardk12.org\/dms\/?page_id=1796"},"modified":"2023-11-10T23:09:51","modified_gmt":"2023-11-10T23:09:51","slug":"parent-resources","status":"publish","type":"page","link":"https:\/\/www.millardk12.org\/dms\/counseling-resources\/parent-resources\/","title":{"rendered":"Parent Resources"},"content":{"rendered":"\n<h1 class=\"wp-block-heading has-text-align-center has-red-color has-text-color\" style=\"font-size:67px;font-style:normal;font-weight:700\">Parent Resources<\/h1>\n\n\n\n<div style=\"height:31px\" aria-hidden=\"true\" class=\"wp-block-spacer\"><\/div>\n\n\n<div class=\"wp-block-image is-resized\">\n<figure class=\"aligncenter size-full\"><a href=\"https:\/\/parentguidance.org\/\" target=\"_blank\" rel=\"noreferrer noopener\"><img loading=\"lazy\" decoding=\"async\" width=\"262\" height=\"262\" src=\"https:\/\/www.millardk12.org\/dms\/wp-content\/uploads\/sites\/3\/2023\/08\/parent.png\" alt=\"\" class=\"wp-image-1896\" srcset=\"https:\/\/www.millardk12.org\/dms\/wp-content\/uploads\/sites\/3\/2023\/08\/parent.png 262w, https:\/\/www.millardk12.org\/dms\/wp-content\/uploads\/sites\/3\/2023\/08\/parent-150x150.png 150w\" sizes=\"auto, (max-width: 262px) 100vw, 262px\" \/><\/a><figcaption class=\"wp-element-caption\">PARENT GUIDANCE WEB SITE<br>Offers education and therapeutic support to empower and give parents hope as they support their child\u2019s mental health.<\/figcaption><\/figure>\n<\/div>\n\n\n<div style=\"height:76px\" aria-hidden=\"true\" class=\"wp-block-spacer\"><\/div>\n\n\n\n<p class=\"has-text-align-center\"><\/p>\n\n\n\n<figure class=\"wp-block-image size-full is-resized\"><img loading=\"lazy\" decoding=\"async\" width=\"527\" height=\"789\" src=\"https:\/\/www.millardk12.org\/dms\/wp-content\/uploads\/sites\/3\/2023\/08\/parent-support-series-flier.jpg\" alt=\"\" class=\"wp-image-1894\" srcset=\"https:\/\/www.millardk12.org\/dms\/wp-content\/uploads\/sites\/3\/2023\/08\/parent-support-series-flier.jpg 527w, https:\/\/www.millardk12.org\/dms\/wp-content\/uploads\/sites\/3\/2023\/08\/parent-support-series-flier-200x300.jpg 200w\" sizes=\"auto, (max-width: 527px) 100vw, 527px\" \/><\/figure>\n\n\n\n<div style=\"height:13px\" aria-hidden=\"true\" class=\"wp-block-spacer\"><\/div>\n\n\n\n<div style=\"height:55px\" aria-hidden=\"true\" class=\"wp-block-spacer\"><\/div>\n\n\n\n<h1 class=\"wp-block-heading has-text-align-center\"><strong>OTHER PARENTING WEBSITES<\/strong><\/h1>\n\n\n\n<div class=\"wp-block-columns are-vertically-aligned-top is-layout-flex wp-container-core-columns-is-layout-9d6595d7 wp-block-columns-is-layout-flex\">\n<div class=\"wp-block-column is-vertically-aligned-top is-layout-flow wp-block-column-is-layout-flow\"><div class=\"wp-block-image is-resized\">\n<figure class=\"aligncenter size-full\"><a href=\"https:\/\/www.uen.org\/parents\/\" target=\"_blank\" rel=\"noreferrer noopener\"><img loading=\"lazy\" decoding=\"async\" width=\"290\" height=\"174\" src=\"https:\/\/www.millardk12.org\/dms\/wp-content\/uploads\/sites\/3\/2023\/08\/UEN.png\" alt=\"\" class=\"wp-image-1897\" style=\"aspect-ratio:1.6666666666666667;width:414px;height:auto\"\/><\/a><figcaption class=\"wp-element-caption\">UTAH EDUCATION NETWORK  <br>Parent and Caregiver <br>Resources<\/figcaption><\/figure>\n<\/div><\/div>\n\n\n\n<div class=\"wp-block-column is-vertically-aligned-top is-layout-flow wp-block-column-is-layout-flow\"><div class=\"wp-block-image\">\n<figure class=\"aligncenter size-full\"><a href=\"https:\/\/uw.org\/211\/family-strengthening\/\" target=\"_blank\" rel=\"noreferrer noopener\"><img loading=\"lazy\" decoding=\"async\" width=\"368\" height=\"249\" src=\"https:\/\/www.millardk12.org\/dms\/wp-content\/uploads\/sites\/3\/2023\/08\/211-1-1.png\" alt=\"\" class=\"wp-image-1895\" srcset=\"https:\/\/www.millardk12.org\/dms\/wp-content\/uploads\/sites\/3\/2023\/08\/211-1-1.png 368w, https:\/\/www.millardk12.org\/dms\/wp-content\/uploads\/sites\/3\/2023\/08\/211-1-1-300x203.png 300w\" sizes=\"auto, (max-width: 368px) 100vw, 368px\" \/><\/a><figcaption class=\"wp-element-caption\">UNITED WAY 211<br>Tips and Resources to assist with effective parenting.<\/figcaption><\/figure>\n<\/div><\/div>\n<\/div>\n\n\n\n<div class=\"wp-block-columns is-layout-flex wp-container-core-columns-is-layout-9d6595d7 wp-block-columns-is-layout-flex\">\n<div class=\"wp-block-column is-layout-flow wp-block-column-is-layout-flow\">\n<p class=\"has-text-align-center\"><\/p>\n<\/div>\n\n\n\n<div class=\"wp-block-column is-layout-flow wp-block-column-is-layout-flow\">\n<p class=\"has-text-align-center\"><br><\/p>\n<\/div>\n<\/div>\n\n\n\n<div style=\"height:43px\" aria-hidden=\"true\" class=\"wp-block-spacer\"><\/div>\n\n\n\n<h1 class=\"wp-block-heading has-text-align-center\"><strong>RESOURCES FOR PARENTING IN A DIGITAL WORLD<\/strong><\/h1>\n\n\n<div class=\"wp-block-image is-resized\">\n<figure class=\"aligncenter size-full\"><a href=\"https:\/\/www.digital-parenting.com\/\" target=\"_blank\" rel=\"noreferrer noopener\"><img loading=\"lazy\" decoding=\"async\" width=\"412\" height=\"232\" src=\"https:\/\/www.millardk12.org\/dms\/wp-content\/uploads\/sites\/3\/2023\/08\/3ms.jpeg\" alt=\"\" class=\"wp-image-1915\" srcset=\"https:\/\/www.millardk12.org\/dms\/wp-content\/uploads\/sites\/3\/2023\/08\/3ms.jpeg 412w, https:\/\/www.millardk12.org\/dms\/wp-content\/uploads\/sites\/3\/2023\/08\/3ms-300x169.jpeg 300w\" sizes=\"auto, (max-width: 412px) 100vw, 412px\" \/><\/a><figcaption class=\"wp-element-caption\">This site presents the 3Ms\u2122 of digital parenting \u2013 Model, Monitor, and Manage \u2013 to help parents create family media plans that work for all ages. This site also provides gaming reviews.<br><br>Este sitio presenta las 3Ms\u2122 de la crianza digital: modelar, monitorear y administrar, para ayudar a los padres a crear planes de medios familiares que funcionen para todas las edades. Este sitio tambi\u00e9n proporciona rese\u00f1as de juegos.<\/figcaption><\/figure>\n<\/div>\n\n\n<div style=\"height:15px\" aria-hidden=\"true\" class=\"wp-block-spacer\"><\/div>\n\n\n\n<div class=\"wp-block-columns is-layout-flex wp-container-core-columns-is-layout-9d6595d7 wp-block-columns-is-layout-flex\">\n<div class=\"wp-block-column is-layout-flow wp-block-column-is-layout-flow\">\n<figure class=\"wp-block-image size-full is-resized\"><a href=\"https:\/\/www.bark.us\/\" target=\"_blank\" rel=\"noreferrer noopener\"><img loading=\"lazy\" decoding=\"async\" width=\"1023\" height=\"325\" src=\"https:\/\/www.millardk12.org\/dms\/wp-content\/uploads\/sites\/3\/2023\/08\/bark-1.jpg\" alt=\"\" class=\"wp-image-1916\" srcset=\"https:\/\/www.millardk12.org\/dms\/wp-content\/uploads\/sites\/3\/2023\/08\/bark-1.jpg 1023w, https:\/\/www.millardk12.org\/dms\/wp-content\/uploads\/sites\/3\/2023\/08\/bark-1-300x95.jpg 300w, https:\/\/www.millardk12.org\/dms\/wp-content\/uploads\/sites\/3\/2023\/08\/bark-1-768x244.jpg 768w\" sizes=\"auto, (max-width: 1023px) 100vw, 1023px\" \/><\/a><figcaption class=\"wp-element-caption\">Bark is an example of a comprehensive parental control tool that helps families manage and protect their children\u2019s online lives. The program monitors 30+ of the most popular apps and social media platforms, including text messaging and email, for signs of digital dangers. Screen time management and web filtering are also available to help parents set healthy limits around how and when their kids use their devices. This is the program that the district uses to monitor students\u2019 online activity, and it is also available for purchase privately by parents.<br><br>Bark es un ejemplo de una herramienta integral de control parental que ayuda a las familias a administrar y proteger la vida en l\u00ednea de sus hijos. El programa monitorea m\u00e1s de 30 de las aplicaciones y plataformas de redes sociales m\u00e1s populares, incluidos mensajes de texto y correo electr\u00f3nico, en busca de se\u00f1ales de peligros digitales. La administraci\u00f3n del tiempo de pantalla y el filtrado web tambi\u00e9n est\u00e1n disponibles para ayudar a los padres a establecer l\u00edmites saludables sobre c\u00f3mo y cu\u00e1ndo sus hijos usan sus dispositivos. Este es el programa que usa el distrito para monitorear la actividad en l\u00ednea de los estudiantes, y tambi\u00e9n est\u00e1 disponible para que los padres lo compren de forma privada.<\/figcaption><\/figure>\n<\/div>\n\n\n\n<div class=\"wp-block-column is-layout-flow wp-block-column-is-layout-flow\">\n<figure class=\"wp-block-image size-full\"><a href=\"https:\/\/respons-ability.net\/digital-parenting-resources\/\" target=\"_blank\" rel=\"noreferrer noopener\"><img loading=\"lazy\" decoding=\"async\" width=\"415\" height=\"132\" src=\"https:\/\/www.millardk12.org\/dms\/wp-content\/uploads\/sites\/3\/2023\/08\/digital.png\" alt=\"\" class=\"wp-image-1917\" srcset=\"https:\/\/www.millardk12.org\/dms\/wp-content\/uploads\/sites\/3\/2023\/08\/digital.png 415w, https:\/\/www.millardk12.org\/dms\/wp-content\/uploads\/sites\/3\/2023\/08\/digital-300x95.png 300w\" sizes=\"auto, (max-width: 415px) 100vw, 415px\" \/><\/a><figcaption class=\"wp-element-caption\">Digital Respons-Ability is committed to creating smart and savvy digital citizenship and empowered parents. They want to help all students and families be safe and responsible online.&nbsp;Check out their free resources.<br><br>Digital Respons-Ability se compromete a crear una ciudadan\u00eda digital inteligente y sabia y padres empoderados. Queremos ayudar a todos los estudiantes y familias a estar seguros y responsables en l\u00ednea. Echa un vistazo a sus recursos gratuitos.<\/figcaption><\/figure>\n<\/div>\n<\/div>\n","protected":false},"excerpt":{"rendered":"<p>Parent Resources OTHER PARENTING WEBSITES RESOURCES FOR PARENTING IN A DIGITAL WORLD<\/p>\n","protected":false},"author":48,"featured_media":0,"parent":1480,"menu_order":0,"comment_status":"closed","ping_status":"closed","template":"","meta":{"footnotes":""},"class_list":["post-1796","page","type-page","status-publish","hentry"],"_links":{"self":[{"href":"https:\/\/www.millardk12.org\/dms\/wp-json\/wp\/v2\/pages\/1796","targetHints":{"allow":["GET"]}}],"collection":[{"href":"https:\/\/www.millardk12.org\/dms\/wp-json\/wp\/v2\/pages"}],"about":[{"href":"https:\/\/www.millardk12.org\/dms\/wp-json\/wp\/v2\/types\/page"}],"author":[{"embeddable":true,"href":"https:\/\/www.millardk12.org\/dms\/wp-json\/wp\/v2\/users\/48"}],"replies":[{"embeddable":true,"href":"https:\/\/www.millardk12.org\/dms\/wp-json\/wp\/v2\/comments?post=1796"}],"version-history":[{"count":26,"href":"https:\/\/www.millardk12.org\/dms\/wp-json\/wp\/v2\/pages\/1796\/revisions"}],"predecessor-version":[{"id":2333,"href":"https:\/\/www.millardk12.org\/dms\/wp-json\/wp\/v2\/pages\/1796\/revisions\/2333"}],"up":[{"embeddable":true,"href":"https:\/\/www.millardk12.org\/dms\/wp-json\/wp\/v2\/pages\/1480"}],"wp:attachment":[{"href":"https:\/\/www.millardk12.org\/dms\/wp-json\/wp\/v2\/media?parent=1796"}],"curies":[{"name":"wp","href":"https:\/\/api.w.org\/{rel}","templated":true}]}}