


{"id":1104,"date":"2021-12-13T23:46:08","date_gmt":"2021-12-13T23:46:08","guid":{"rendered":"https:\/\/www.millardk12.org\/mhs\/?page_id=1104"},"modified":"2025-09-24T10:18:41","modified_gmt":"2025-09-24T17:18:41","slug":"college-career-readiness","status":"publish","type":"page","link":"https:\/\/www.millardk12.org\/mhs\/counseling-center\/college-career-readiness\/","title":{"rendered":"College &#038; Career Readiness"},"content":{"rendered":"\n<h1 class=\"wp-block-heading has-text-align-center counseling_header\"><strong>College and Career Readiness<\/strong><\/h1>\n\n\n\n<h1 class=\"wp-block-heading has-text-align-center\">Online Resources:<\/h1>\n\n\n\n<div class=\"wp-block-columns is-layout-flex wp-container-core-columns-is-layout-9d6595d7 wp-block-columns-is-layout-flex\">\n<div class=\"wp-block-column is-layout-flow wp-block-column-is-layout-flow\"><div class=\"wp-block-image\">\n<figure class=\"aligncenter size-full is-resized\"><a href=\"https:\/\/www.ktsutah.org\/\" target=\"_blank\" rel=\"noopener\"><img loading=\"lazy\" decoding=\"async\" width=\"554\" height=\"254\" src=\"https:\/\/www.millardk12.org\/mhs\/wp-content\/uploads\/sites\/2\/2022\/01\/Keys-to-Success.jpg\" alt=\"\" class=\"wp-image-1175\" style=\"width:302px;height:138px\" srcset=\"https:\/\/www.millardk12.org\/mhs\/wp-content\/uploads\/sites\/2\/2022\/01\/Keys-to-Success.jpg 554w, https:\/\/www.millardk12.org\/mhs\/wp-content\/uploads\/sites\/2\/2022\/01\/Keys-to-Success-300x138.jpg 300w\" sizes=\"auto, (max-width: 554px) 100vw, 554px\" \/><\/a><figcaption class=\"wp-element-caption\">A College and Career Readiness platform that provides resources and information specific to Utah. It is accessible by pc or mobile app, Prizes and incentives reward students for taking steps towards college and career readiness.<br><br>Una plataforma de preparaci\u00f3n universitaria y profesional que proporciona recursos e informaci\u00f3n espec\u00edfica de Utah. Es accesible por computadora o aplicaci\u00f3n m\u00f3vil. Los premios e incentivos recompensan a los estudiantes por dar pasos hacia la preparaci\u00f3n universitaria y profesional.<\/figcaption><\/figure>\n<\/div>\n\n\n<p><\/p>\n\n\n<div class=\"wp-block-image\">\n<figure class=\"aligncenter size-full is-resized\"><a href=\"http:\/\/www.utahmajors.org\/\" target=\"_blank\" rel=\"noopener\"><img loading=\"lazy\" decoding=\"async\" width=\"448\" height=\"71\" src=\"https:\/\/www.millardk12.org\/mhs\/wp-content\/uploads\/sites\/2\/2021\/12\/utahmajorsguide.png\" alt=\"\" class=\"wp-image-1119\" style=\"width:428px;height:68px\" srcset=\"https:\/\/www.millardk12.org\/mhs\/wp-content\/uploads\/sites\/2\/2021\/12\/utahmajorsguide.png 448w, https:\/\/www.millardk12.org\/mhs\/wp-content\/uploads\/sites\/2\/2021\/12\/utahmajorsguide-300x48.png 300w\" sizes=\"auto, (max-width: 448px) 100vw, 448px\" \/><\/a><figcaption class=\"wp-element-caption\">Provides information on the majors and degrees offered at each public college and university in Utah, including how to prepare to be admitted to a field of study, who to contact for specific questions, and what classes are required to complete a degree.<\/figcaption><\/figure>\n<\/div>\n\n<div class=\"wp-block-image\">\n<figure class=\"aligncenter size-full is-resized\"><a href=\"https:\/\/www.mynextmove.org\/\" target=\"_blank\" rel=\"noopener\"><img loading=\"lazy\" decoding=\"async\" width=\"233\" height=\"132\" src=\"https:\/\/www.millardk12.org\/mhs\/wp-content\/uploads\/sites\/2\/2021\/12\/mynextmove.jpg\" alt=\"\" class=\"wp-image-1113\" style=\"width:293px;height:166px\"\/><\/a><figcaption class=\"wp-element-caption\">Interactive tool for job seekers and students to learn more about their career options. The site has tasks, skills, salary information, and more for over 900 different careers.<\/figcaption><\/figure>\n<\/div>\n\n<div class=\"wp-block-image\">\n<figure class=\"aligncenter size-full is-resized\"><a href=\"http:\/\/uwannadu.com\/default.aspx\" target=\"_blank\" rel=\"noopener\"><img loading=\"lazy\" decoding=\"async\" width=\"223\" height=\"226\" src=\"https:\/\/www.millardk12.org\/mhs\/wp-content\/uploads\/sites\/2\/2021\/12\/uwannadu.jpg\" alt=\"\" class=\"wp-image-1120\" style=\"width:240px;height:243px\"\/><\/a><figcaption class=\"wp-element-caption\">A free website that matches people to careers, colleges and companies so you can discover WHAT YOU WANNA DO.<\/figcaption><\/figure>\n<\/div>\n\n<div class=\"wp-block-image\">\n<figure class=\"aligncenter size-full is-resized\"><a href=\"https:\/\/www.uen.org\/k12student\/\" target=\"_blank\" rel=\"noopener\"><img loading=\"lazy\" decoding=\"async\" width=\"290\" height=\"174\" src=\"https:\/\/www.millardk12.org\/mhs\/wp-content\/uploads\/sites\/2\/2022\/01\/UEN.png\" alt=\"\" class=\"wp-image-1177\" style=\"width:292px;height:172px\"\/><\/a><figcaption class=\"wp-element-caption\">Provides Utah specific resources in the areas of: <br><a href=\"https:\/\/www.uen.org\/career\/\">Career Education<\/a><br><a href=\"https:\/\/www.uen.org\/k12student\/college.shtml\">College Readiness<\/a><br><a rel=\"noreferrer noopener\" href=\"https:\/\/www.uen.org\/k12student\/college.shtml#exam\" target=\"_blank\">Exam Prep<\/a><br><a rel=\"noreferrer noopener\" href=\"https:\/\/www.uen.org\/k12student\/college.shtml#scholarship\" target=\"_blank\">Financial Aid &amp; Scholarships<\/a><\/figcaption><\/figure>\n<\/div>\n\n<div class=\"wp-block-image\">\n<figure class=\"aligncenter size-full is-resized\"><a href=\"https:\/\/www.jobsforteenshq.com\/\" target=\"_blank\" rel=\"noopener\"><img loading=\"lazy\" decoding=\"async\" width=\"225\" height=\"86\" src=\"https:\/\/www.millardk12.org\/mhs\/wp-content\/uploads\/sites\/2\/2021\/12\/jobs_for_teens_logo.gif\" alt=\"\" class=\"wp-image-1110\" style=\"width:329px;height:126px\"\/><\/a><figcaption class=\"wp-element-caption\">We educate teens about potential jobs&nbsp;that they may not know exist and encourage them to build their job skills for&nbsp;future employers with blog posts and other resources.  We provide resume writing tips, job fair information, interviewing best practices, work permit info, volunteering opportunities, and other information to help them succeed.  <br>We compiling&nbsp;information that teens need such as&nbsp;companies that hire teens by state, jobs for teens by age, work permit info, and more<\/figcaption><\/figure>\n<\/div>\n\n<div class=\"wp-block-image\">\n<figure class=\"aligncenter size-large is-resized\"><img loading=\"lazy\" decoding=\"async\" width=\"1024\" height=\"393\" src=\"https:\/\/www.millardk12.org\/mhs\/wp-content\/uploads\/sites\/2\/2022\/01\/workforce-services-1024x393.png\" alt=\"\" class=\"wp-image-1305\" style=\"width:357px;height:137px\" srcset=\"https:\/\/www.millardk12.org\/mhs\/wp-content\/uploads\/sites\/2\/2022\/01\/workforce-services-1024x393.png 1024w, https:\/\/www.millardk12.org\/mhs\/wp-content\/uploads\/sites\/2\/2022\/01\/workforce-services-300x115.png 300w, https:\/\/www.millardk12.org\/mhs\/wp-content\/uploads\/sites\/2\/2022\/01\/workforce-services-768x295.png 768w, https:\/\/www.millardk12.org\/mhs\/wp-content\/uploads\/sites\/2\/2022\/01\/workforce-services-1536x590.png 1536w, https:\/\/www.millardk12.org\/mhs\/wp-content\/uploads\/sites\/2\/2022\/01\/workforce-services.png 1713w\" sizes=\"auto, (max-width: 1024px) 100vw, 1024px\" \/><figcaption class=\"wp-element-caption\">Assists individuals in preparing for and finding jobs, meeting workforce needs of Utah businesses, administering temporary assistance, and providing economic data and analysis.<\/figcaption><\/figure>\n<\/div>\n\n\n<div class=\"wp-block-columns is-layout-flex wp-container-core-columns-is-layout-9d6595d7 wp-block-columns-is-layout-flex\"><\/div>\n<\/div>\n\n\n\n<div class=\"wp-block-column is-layout-flow wp-block-column-is-layout-flow\"><div class=\"wp-block-image\">\n<figure class=\"aligncenter size-full is-resized\"><a href=\"https:\/\/majorclarity.com\/\" target=\"_blank\" rel=\"noopener\"><img loading=\"lazy\" decoding=\"async\" width=\"295\" height=\"171\" src=\"https:\/\/www.millardk12.org\/mhs\/wp-content\/uploads\/sites\/2\/2022\/01\/majorclarity.png\" alt=\"\" class=\"wp-image-1178\" style=\"width:260px;height:156px\"\/><\/a><figcaption class=\"wp-element-caption\">A career exploration and academic planning platform that promotes student readiness for post-secondary success.<br><br>Una plataforma de exploraci\u00f3n de carreras y planificaci\u00f3n acad\u00e9mica que promueve la preparaci\u00f3n de los estudiantes para el \u00e9xito postsecundario.<\/figcaption><\/figure>\n<\/div>\n\n<div class=\"wp-block-image\">\n<figure class=\"aligncenter size-full is-resized\"><a href=\"https:\/\/www.mymajors.com\/\" target=\"_blank\" rel=\"noopener\"><img loading=\"lazy\" decoding=\"async\" width=\"377\" height=\"134\" src=\"https:\/\/www.millardk12.org\/mhs\/wp-content\/uploads\/sites\/2\/2021\/12\/mymajors.jpg\" alt=\"\" class=\"wp-image-1112\" style=\"width:327px;height:116px\" srcset=\"https:\/\/www.millardk12.org\/mhs\/wp-content\/uploads\/sites\/2\/2021\/12\/mymajors.jpg 377w, https:\/\/www.millardk12.org\/mhs\/wp-content\/uploads\/sites\/2\/2021\/12\/mymajors-300x107.jpg 300w\" sizes=\"auto, (max-width: 377px) 100vw, 377px\" \/><\/a><figcaption class=\"wp-element-caption\">Assists students in identifying majors that fit them best.  Provides student-friendly assessment technology and access to info about a variety of majors at a broad range of institutions. <\/figcaption><\/figure>\n<\/div>\n\n<div class=\"wp-block-image\">\n<figure class=\"aligncenter size-full is-resized\"><a href=\"http:\/\/www.onetonline.org\/\" target=\"_blank\" rel=\"noopener\"><img loading=\"lazy\" decoding=\"async\" width=\"320\" height=\"64\" src=\"https:\/\/www.millardk12.org\/mhs\/wp-content\/uploads\/sites\/2\/2021\/12\/onet.jpg\" alt=\"\" class=\"wp-image-1114\" style=\"width:412px;height:82px\" srcset=\"https:\/\/www.millardk12.org\/mhs\/wp-content\/uploads\/sites\/2\/2021\/12\/onet.jpg 320w, https:\/\/www.millardk12.org\/mhs\/wp-content\/uploads\/sites\/2\/2021\/12\/onet-300x60.jpg 300w\" sizes=\"auto, (max-width: 320px) 100vw, 320px\" \/><\/a><figcaption class=\"wp-element-caption\">The Nation&#8217;s primary source of occupational information. The O*NET database, contains info on hundreds of standardized and occupation-specific descriptors. It is continually updated by surveying a broad range of workers from each occupation.<\/figcaption><\/figure>\n<\/div>\n\n<div class=\"wp-block-image\">\n<figure class=\"aligncenter size-full is-resized\"><a href=\"https:\/\/www.collegeboard.org\/\" target=\"_blank\" rel=\"noopener\"><img loading=\"lazy\" decoding=\"async\" width=\"430\" height=\"117\" src=\"https:\/\/www.millardk12.org\/mhs\/wp-content\/uploads\/sites\/2\/2021\/12\/collegeboard.png\" alt=\"\" class=\"wp-image-1105\" style=\"width:407px;height:109px\" srcset=\"https:\/\/www.millardk12.org\/mhs\/wp-content\/uploads\/sites\/2\/2021\/12\/collegeboard.png 430w, https:\/\/www.millardk12.org\/mhs\/wp-content\/uploads\/sites\/2\/2021\/12\/collegeboard-300x82.png 300w\" sizes=\"auto, (max-width: 430px) 100vw, 430px\" \/><\/a><figcaption class=\"wp-element-caption\">Helps students prepare for a successful transition to college through programs and services in college readiness and college success.  Houses info on the SAT and PSAT tests. <\/figcaption><\/figure>\n<\/div>\n\n<div class=\"wp-block-image\">\n<figure class=\"aligncenter size-full is-resized\"><a href=\"http:\/\/www.educationplanner.org\/\" target=\"_blank\" rel=\"noopener\"><img loading=\"lazy\" decoding=\"async\" width=\"144\" height=\"128\" src=\"https:\/\/www.millardk12.org\/mhs\/wp-content\/uploads\/sites\/2\/2021\/12\/educationplanner.jpg\" alt=\"\" class=\"wp-image-1107\" style=\"width:334px;height:299px\"\/><\/a><figcaption class=\"wp-element-caption\">Provides practical and easy-to-understand advice to help prepare students for the important decisions they will face in the future. Students&nbsp;discover and learn all about careers and colleges\u2014including ways to pay\u2014using simple search tools, clever interactive exercises, and straightforward instructions.  <\/figcaption><\/figure>\n<\/div>\n\n<div class=\"wp-block-image\">\n<figure class=\"aligncenter size-full is-resized\"><a href=\"https:\/\/www.jobcorps.gov\/\" target=\"_blank\" rel=\"noopener\"><img loading=\"lazy\" decoding=\"async\" width=\"127\" height=\"143\" src=\"https:\/\/www.millardk12.org\/mhs\/wp-content\/uploads\/sites\/2\/2021\/12\/job_corps_logo.png\" alt=\"\" class=\"wp-image-1109\" style=\"width:264px;height:296px\"\/><\/a><figcaption class=\"wp-element-caption\">A&nbsp;no-cost education and vocational training program&nbsp;administered by the U.S. Department of Labor that helps young people ages 16-24 improve the quality of their lives by helping them with their education, empowering them to get great jobs, and assisting them to become independent.<\/figcaption><\/figure>\n<\/div>\n\n<div class=\"wp-block-image\">\n<figure class=\"aligncenter size-full is-resized\"><img loading=\"lazy\" decoding=\"async\" width=\"177\" height=\"37\" src=\"https:\/\/www.millardk12.org\/mhs\/wp-content\/uploads\/sites\/2\/2021\/12\/military.png\" alt=\"\" class=\"wp-image-1111\" style=\"width:324px;height:68px\"\/><figcaption class=\"wp-element-caption\">Learn about how the military can help you pay for college and\/or help you with a career.<\/figcaption><\/figure>\n<\/div><\/div>\n<\/div>\n\n\n\n<h2 class=\"wp-block-heading has-text-align-center counseling_header\">Especially for Parents:<\/h2>\n\n\n<div class=\"wp-block-image\">\n<figure class=\"aligncenter size-full is-resized\"><a href=\"https:\/\/www.uen.org\/parents\/\" target=\"_blank\" rel=\"noopener\"><img loading=\"lazy\" decoding=\"async\" width=\"300\" height=\"168\" src=\"https:\/\/www.millardk12.org\/mhs\/wp-content\/uploads\/sites\/2\/2021\/12\/images.jpeg\" alt=\"\" class=\"wp-image-1108\" style=\"width:432px;height:242px\"\/><\/a><figcaption class=\"wp-element-caption\">Utah Education Network provides resources for parents, guardians, and caregivers to asist them in the vital role they play in students&#8217; success now and in the future.<br><br>Utah Education Network provides resources for parents, guardians, and caregivers to asist them in the vital role they play in students&#8217; success now and in the future.<\/figcaption><\/figure>\n<\/div>\n\n\n<div style=\"height:116px\" aria-hidden=\"true\" class=\"wp-block-spacer\"><\/div>\n\n\n\n<h1 class=\"wp-block-heading has-text-align-center\"><strong>College and Career Readiness Grade Level Checklists:<\/strong><\/h1>\n\n\n<a href=\"https:\/\/www.millardk12.org\/mhs\/wp-content\/uploads\/sites\/2\/2022\/01\/college_guide-english-15.pdf\" class=\"pdfemb-viewer\" style=\"\" data-width=\"max\" data-height=\"max\" data-toolbar=\"bottom\" data-toolbar-fixed=\"off\">college_guide-english-15<\/a>\n<p class=\"wp-block-pdfemb-pdf-embedder-viewer\"><\/p>\n\n\n<a href=\"https:\/\/www.millardk12.org\/mhs\/wp-content\/uploads\/sites\/2\/2022\/01\/college_guide-english-16.pdf\" class=\"pdfemb-viewer\" style=\"\" data-width=\"max\" data-height=\"max\" data-toolbar=\"bottom\" data-toolbar-fixed=\"off\">college_guide-english-16<\/a>\n<p class=\"wp-block-pdfemb-pdf-embedder-viewer\"><\/p>\n\n\n<a href=\"https:\/\/www.millardk12.org\/mhs\/wp-content\/uploads\/sites\/2\/2022\/01\/college_guide-english-17.pdf\" class=\"pdfemb-viewer\" style=\"\" data-width=\"max\" data-height=\"max\" data-toolbar=\"bottom\" data-toolbar-fixed=\"off\">college_guide-english-17<\/a>\n<p class=\"wp-block-pdfemb-pdf-embedder-viewer\"><\/p>\n\n\n<a href=\"https:\/\/www.millardk12.org\/mhs\/wp-content\/uploads\/sites\/2\/2022\/01\/college_guide-english-18.pdf\" class=\"pdfemb-viewer\" style=\"\" data-width=\"max\" data-height=\"max\" data-toolbar=\"bottom\" data-toolbar-fixed=\"off\">college_guide-english-18<\/a>\n<p class=\"wp-block-pdfemb-pdf-embedder-viewer\"><\/p>\n\n\n<a href=\"https:\/\/www.millardk12.org\/mhs\/wp-content\/uploads\/sites\/2\/2022\/01\/college_guide-english-19.pdf\" class=\"pdfemb-viewer\" style=\"\" data-width=\"max\" data-height=\"max\" data-toolbar=\"bottom\" data-toolbar-fixed=\"off\">college_guide-english-19<\/a>\n<p class=\"wp-block-pdfemb-pdf-embedder-viewer\"><\/p>\n\n\n<a href=\"https:\/\/www.millardk12.org\/mhs\/wp-content\/uploads\/sites\/2\/2022\/01\/college_guide-english-20.pdf\" class=\"pdfemb-viewer\" style=\"\" data-width=\"max\" data-height=\"max\" data-toolbar=\"bottom\" data-toolbar-fixed=\"off\">college_guide-english-20<\/a>\n<p class=\"wp-block-pdfemb-pdf-embedder-viewer\"><\/p>\n\n\n<a href=\"https:\/\/www.millardk12.org\/mhs\/wp-content\/uploads\/sites\/2\/2022\/01\/college_guide-english-21.pdf\" class=\"pdfemb-viewer\" style=\"\" data-width=\"max\" data-height=\"max\" data-toolbar=\"bottom\" data-toolbar-fixed=\"off\">college_guide-english-21<\/a>\n<p class=\"wp-block-pdfemb-pdf-embedder-viewer\"><\/p>\n\n\n\n<div style=\"height:87px\" aria-hidden=\"true\" class=\"wp-block-spacer\"><\/div>\n\n\n\n<h2 class=\"wp-block-heading has-text-align-center counseling_header\">MHS Counseling Department Resources:<\/h2>\n\n\n\n<h2 class=\"wp-block-heading has-text-align-center\">College and Career Readiness Student Presentations <\/h2>\n\n\n<a href=\"https:\/\/www.millardk12.org\/mhs\/wp-content\/uploads\/sites\/2\/2022\/01\/CCR-student-presentations-2021-2022-1.pdf\" class=\"pdfemb-viewer\" style=\"\" data-width=\"max\" data-height=\"max\" data-toolbar=\"bottom\" data-toolbar-fixed=\"off\">CCR-student-presentations-2021-2022-1<\/a>\n<p class=\"wp-block-pdfemb-pdf-embedder-viewer\"><\/p>\n\n\n<a href=\"https:\/\/www.millardk12.org\/mhs\/wp-content\/uploads\/sites\/2\/2022\/03\/9.-Career-Exploration-Using-Major-Clarity.pdf\" class=\"pdfemb-viewer\" style=\"\" data-width=\"max\" data-height=\"max\" data-toolbar=\"bottom\" data-toolbar-fixed=\"off\">9.-Career-Exploration-Using-Major-Clarity<\/a>\n<p class=\"wp-block-pdfemb-pdf-embedder-viewer\"><\/p>\n\n\n<a href=\"https:\/\/www.millardk12.org\/mhs\/wp-content\/uploads\/sites\/2\/2022\/03\/9a.-Career-Exploration-Using-Major-Clarity-1.pdf\" class=\"pdfemb-viewer\" style=\"\" data-width=\"max\" data-height=\"max\" data-toolbar=\"bottom\" data-toolbar-fixed=\"off\">9a.-Career-Exploration-Using-Major-Clarity-1<\/a>\n<p class=\"wp-block-pdfemb-pdf-embedder-viewer\"><\/p>\n\n\n\n<h2 class=\"wp-block-heading\">Keys to Success instructions:<\/h2>\n\n\n<a href=\"https:\/\/www.millardk12.org\/mhs\/wp-content\/uploads\/sites\/2\/2022\/01\/Senior-CCR-mtg-Prep-for-UCAW-KTS-walk-through.pdf\" class=\"pdfemb-viewer\" style=\"\" data-width=\"max\" data-height=\"max\" data-toolbar=\"bottom\" data-toolbar-fixed=\"off\">Senior-CCR-mtg-Prep-for-UCAW-KTS-walk-through<\/a>\n<p class=\"wp-block-pdfemb-pdf-embedder-viewer\"><\/p>\n\n\n\n<div style=\"height:73px\" aria-hidden=\"true\" class=\"wp-block-spacer\"><\/div>\n\n\n\n<h2 class=\"wp-block-heading has-text-align-center\">Student Handouts<\/h2>\n\n\n<a href=\"https:\/\/www.millardk12.org\/mhs\/wp-content\/uploads\/sites\/2\/2022\/01\/Next-steps-to-college.pdf\" class=\"pdfemb-viewer\" style=\"\" data-width=\"max\" data-height=\"max\" data-toolbar=\"bottom\" data-toolbar-fixed=\"off\">Next-steps-to-college<\/a>\n<p class=\"wp-block-pdfemb-pdf-embedder-viewer\"><\/p>\n\n\n<a href=\"https:\/\/www.millardk12.org\/mhs\/wp-content\/uploads\/sites\/2\/2022\/01\/2021-2022-CCR-Packet.pdf\" class=\"pdfemb-viewer\" style=\"\" data-width=\"max\" data-height=\"max\" data-toolbar=\"bottom\" data-toolbar-fixed=\"off\">2021-2022-CCR-Packet<\/a>\n<p class=\"wp-block-pdfemb-pdf-embedder-viewer\"><\/p>\n\n\n<a href=\"https:\/\/www.millardk12.org\/mhs\/wp-content\/uploads\/sites\/2\/2022\/04\/college_guide-english.pdf\" class=\"pdfemb-viewer\" style=\"\" data-width=\"max\" data-height=\"max\" data-toolbar=\"bottom\" data-toolbar-fixed=\"off\">college_guide-english<\/a>\n<p class=\"wp-block-pdfemb-pdf-embedder-viewer\"><\/p>\n\n\n<a href=\"https:\/\/www.millardk12.org\/mhs\/wp-content\/uploads\/sites\/2\/2022\/04\/college_guide-spanish.pdf\" class=\"pdfemb-viewer\" style=\"\" data-width=\"max\" data-height=\"max\" data-toolbar=\"bottom\" data-toolbar-fixed=\"off\">college_guide-spanish<\/a>\n<p class=\"wp-block-pdfemb-pdf-embedder-viewer\"><\/p>\n\n\n<a href=\"https:\/\/www.millardk12.org\/mhs\/wp-content\/uploads\/sites\/2\/2022\/01\/Paying-for-College-Guide-English-PDF-20-21-school-year-002.pdf\" class=\"pdfemb-viewer\" style=\"\" data-width=\"max\" data-height=\"max\" data-toolbar=\"bottom\" data-toolbar-fixed=\"off\">Paying-for-College-Guide-English-PDF-20-21-school-year-002<\/a>\n<p class=\"wp-block-pdfemb-pdf-embedder-viewer\"><\/p>\n\n\n<a href=\"https:\/\/www.millardk12.org\/mhs\/wp-content\/uploads\/sites\/2\/2022\/01\/Paying-for-College-Guide-Spanish-PDF-20-21-school-year-002.pdf\" class=\"pdfemb-viewer\" style=\"\" data-width=\"max\" data-height=\"max\" data-toolbar=\"bottom\" data-toolbar-fixed=\"off\">Paying-for-College-Guide-Spanish-PDF-20-21-school-year-002<\/a>\n<p class=\"wp-block-pdfemb-pdf-embedder-viewer\"><\/p>\n\n\n\n<h4 class=\"wp-block-heading\">Guide to Getting a job:<\/h4>\n\n\n<a href=\"https:\/\/www.millardk12.org\/mhs\/wp-content\/uploads\/sites\/2\/2022\/01\/smartstart-guide-to-finding-and-keeping-a-job.pdf\" class=\"pdfemb-viewer\" style=\"\" data-width=\"max\" data-height=\"max\" data-toolbar=\"bottom\" data-toolbar-fixed=\"off\">smartstart-guide-to-finding-and-keeping-a-job<\/a>\n<p class=\"wp-block-pdfemb-pdf-embedder-viewer\"><\/p>\n\n\n\n<div style=\"height:47px\" aria-hidden=\"true\" class=\"wp-block-spacer\"><\/div>\n\n\n\n<h2 class=\"wp-block-heading has-text-align-center\"><strong>Career Toolkits<\/strong><\/h2>\n\n\n<a href=\"https:\/\/www.millardk12.org\/mhs\/wp-content\/uploads\/sites\/2\/2022\/01\/Construction-Toolkit.pdf\" class=\"pdfemb-viewer\" style=\"\" data-width=\"max\" data-height=\"max\" data-toolbar=\"bottom\" data-toolbar-fixed=\"off\">Construction-Toolkit<\/a>\n<p class=\"wp-block-pdfemb-pdf-embedder-viewer\"><\/p>\n\n\n<a href=\"https:\/\/www.millardk12.org\/mhs\/wp-content\/uploads\/sites\/2\/2022\/01\/Engineering-Toolkit.pdf\" class=\"pdfemb-viewer\" style=\"\" data-width=\"max\" data-height=\"max\" data-toolbar=\"bottom\" data-toolbar-fixed=\"off\">Engineering-Toolkit<\/a>\n<p class=\"wp-block-pdfemb-pdf-embedder-viewer\"><\/p>\n\n\n<a href=\"https:\/\/www.millardk12.org\/mhs\/wp-content\/uploads\/sites\/2\/2022\/01\/HEALTH-CARE-Toolkit.pdf\" class=\"pdfemb-viewer\" style=\"\" data-width=\"max\" data-height=\"max\" data-toolbar=\"bottom\" data-toolbar-fixed=\"off\">HEALTH-CARE-Toolkit<\/a>\n<p class=\"wp-block-pdfemb-pdf-embedder-viewer\"><\/p>\n\n\n<a href=\"https:\/\/www.millardk12.org\/mhs\/wp-content\/uploads\/sites\/2\/2022\/01\/INFO-TECH-AND-COMPUTER-SCIENCE-Toolkit.pdf\" class=\"pdfemb-viewer\" style=\"\" data-width=\"max\" data-height=\"max\" data-toolbar=\"bottom\" data-toolbar-fixed=\"off\">INFO-TECH-AND-COMPUTER-SCIENCE-Toolkit<\/a>\n<p class=\"wp-block-pdfemb-pdf-embedder-viewer\"><\/p>\n\n\n<a href=\"https:\/\/www.millardk12.org\/mhs\/wp-content\/uploads\/sites\/2\/2022\/01\/MANUFACTURING-Toolkit.pdf\" class=\"pdfemb-viewer\" style=\"\" data-width=\"max\" data-height=\"max\" data-toolbar=\"bottom\" data-toolbar-fixed=\"off\">MANUFACTURING-Toolkit<\/a>\n<p class=\"wp-block-pdfemb-pdf-embedder-viewer\"><\/p>\n","protected":false},"excerpt":{"rendered":"<p>College and Career Readiness Online Resources: Especially for Parents: College and Career Readiness Grade Level Checklists: MHS Counseling Department Resources: College and Career Readiness Student Presentations Keys to Success instructions: Student Handouts Guide to Getting a job: Career Toolkits<\/p>\n","protected":false},"author":1,"featured_media":0,"parent":505,"menu_order":0,"comment_status":"closed","ping_status":"closed","template":"","meta":{"footnotes":""},"class_list":["post-1104","page","type-page","status-publish","hentry"],"_links":{"self":[{"href":"https:\/\/www.millardk12.org\/mhs\/wp-json\/wp\/v2\/pages\/1104","targetHints":{"allow":["GET"]}}],"collection":[{"href":"https:\/\/www.millardk12.org\/mhs\/wp-json\/wp\/v2\/pages"}],"about":[{"href":"https:\/\/www.millardk12.org\/mhs\/wp-json\/wp\/v2\/types\/page"}],"author":[{"embeddable":true,"href":"https:\/\/www.millardk12.org\/mhs\/wp-json\/wp\/v2\/users\/1"}],"replies":[{"embeddable":true,"href":"https:\/\/www.millardk12.org\/mhs\/wp-json\/wp\/v2\/comments?post=1104"}],"version-history":[{"count":35,"href":"https:\/\/www.millardk12.org\/mhs\/wp-json\/wp\/v2\/pages\/1104\/revisions"}],"predecessor-version":[{"id":3562,"href":"https:\/\/www.millardk12.org\/mhs\/wp-json\/wp\/v2\/pages\/1104\/revisions\/3562"}],"up":[{"embeddable":true,"href":"https:\/\/www.millardk12.org\/mhs\/wp-json\/wp\/v2\/pages\/505"}],"wp:attachment":[{"href":"https:\/\/www.millardk12.org\/mhs\/wp-json\/wp\/v2\/media?parent=1104"}],"curies":[{"name":"wp","href":"https:\/\/api.w.org\/{rel}","templated":true}]}}