


{"id":1161,"date":"2022-01-06T18:02:30","date_gmt":"2022-01-06T18:02:30","guid":{"rendered":"https:\/\/www.millardk12.org\/mhs\/?page_id=1161"},"modified":"2025-10-24T10:25:19","modified_gmt":"2025-10-24T17:25:19","slug":"suicide-prevention","status":"publish","type":"page","link":"https:\/\/www.millardk12.org\/mhs\/counseling-center\/suicide-prevention\/","title":{"rendered":"School-Based Private Counseling &amp; Mental Health Resources"},"content":{"rendered":"\n<h1 class=\"wp-block-heading has-text-align-center\"><strong>School-Based Private Counseling<\/strong><\/h1>\n\n\n\n<p class=\"has-text-align-center\">MHS has school-based private counselors available to treat students while they are in school &#8211; for free. Talk to the school counselor, Mrs. Stewart, for more information about this excellent resource for students needing extra mental health support.<\/p>\n\n\n\n<p>MHS tiene consejeros privados basados \u200b\u200ben la escuela disponibles para tratar a los estudiantes mientras est\u00e1n en la escuela, de forma gratuita. Hable con la consejera escolar, la Sra. Stewart, para obtener m\u00e1s informaci\u00f3n sobre este excelente recurso para los estudiantes que necesitan apoyo adicional para la salud mental.<\/p>\n\n\n\n<h1 class=\"wp-block-heading has-text-align-center\"><strong>Mental Health Resources<\/strong><\/h1>\n\n\n\n<div class=\"wp-block-columns is-layout-flex wp-container-core-columns-is-layout-9d6595d7 wp-block-columns-is-layout-flex\">\n<div class=\"wp-block-column is-layout-flow wp-block-column-is-layout-flow\"><div class=\"wp-block-image\">\n<figure class=\"aligncenter size-full is-resized\"><a href=\"https:\/\/parentguidance.org\/\" target=\"_blank\" rel=\"noopener\"><img loading=\"lazy\" decoding=\"async\" width=\"262\" height=\"262\" src=\"https:\/\/www.millardk12.org\/mhs\/wp-content\/uploads\/sites\/2\/2022\/03\/parent.png\" alt=\"\" class=\"wp-image-1901\" style=\"width:304px;height:304px\" srcset=\"https:\/\/www.millardk12.org\/mhs\/wp-content\/uploads\/sites\/2\/2022\/03\/parent.png 262w, https:\/\/www.millardk12.org\/mhs\/wp-content\/uploads\/sites\/2\/2022\/03\/parent-150x150.png 150w\" sizes=\"auto, (max-width: 262px) 100vw, 262px\" \/><\/a><figcaption class=\"wp-element-caption\">Website that offers education and therapeutic support to empower and give parents hope as they support their child\u2019s mental health.<\/figcaption><\/figure>\n<\/div><\/div>\n\n\n\n<div class=\"wp-block-column is-layout-flow wp-block-column-is-layout-flow\"><div class=\"wp-block-image\">\n<figure class=\"aligncenter size-full is-resized\"><a href=\"https:\/\/uw.org\/211\/family-strengthening\/\" target=\"_blank\" rel=\"noopener\"><img loading=\"lazy\" decoding=\"async\" width=\"368\" height=\"249\" src=\"https:\/\/www.millardk12.org\/mhs\/wp-content\/uploads\/sites\/2\/2022\/03\/211-1.png\" alt=\"\" class=\"wp-image-1944\" style=\"width:383px;height:259px\" srcset=\"https:\/\/www.millardk12.org\/mhs\/wp-content\/uploads\/sites\/2\/2022\/03\/211-1.png 368w, https:\/\/www.millardk12.org\/mhs\/wp-content\/uploads\/sites\/2\/2022\/03\/211-1-300x203.png 300w\" sizes=\"auto, (max-width: 368px) 100vw, 368px\" \/><\/a><figcaption class=\"wp-element-caption\">Tips and Resources to assist with effective parenting.<\/figcaption><\/figure>\n<\/div><\/div>\n<\/div>\n\n\n\n<div class=\"wp-block-columns is-layout-flex wp-container-core-columns-is-layout-9d6595d7 wp-block-columns-is-layout-flex\">\n<div class=\"wp-block-column is-layout-flow wp-block-column-is-layout-flow\">\n<div class=\"wp-block-columns is-layout-flex wp-container-core-columns-is-layout-9d6595d7 wp-block-columns-is-layout-flex\">\n<div class=\"wp-block-column is-layout-flow wp-block-column-is-layout-flow\">\n<figure class=\"wp-block-image size-full is-resized\"><a href=\"https:\/\/www.nimh.nih.gov\/\"><img loading=\"lazy\" decoding=\"async\" width=\"242\" height=\"85\" src=\"https:\/\/www.millardk12.org\/mhs\/wp-content\/uploads\/sites\/2\/2025\/10\/nimp.jpg\" alt=\"\" class=\"wp-image-3810\" style=\"width:404px;height:auto\"\/><\/a><\/figure>\n<\/div>\n<\/div>\n<\/div>\n\n\n\n<div class=\"wp-block-column is-vertically-aligned-center is-layout-flow wp-block-column-is-layout-flow\"><\/div>\n<\/div>\n\n\n\n<h2 class=\"wp-block-heading has-text-align-center\">* There are many wonderful free apps and online or tele-services that students can use to help regulate their mental\/emotional wellbeing.  These should NOT take the place of a competent mental health professional when needed. <\/h2>\n\n\n\n<hr class=\"wp-block-separator has-alpha-channel-opacity\"\/>\n\n\n\n<h1 class=\"wp-block-heading has-text-align-center\"><strong>OTHER RESOURCES<\/strong><\/h1>\n\n\n\n<div class=\"wp-block-columns is-layout-flex wp-container-core-columns-is-layout-9d6595d7 wp-block-columns-is-layout-flex\">\n<div class=\"wp-block-column is-layout-flow wp-block-column-is-layout-flow\">\n<h2 class=\"wp-block-heading has-text-align-center\"><strong><a href=\"https:\/\/apps.apple.com\/au\/app\/virtual-hope-box\/id825099621\">Virtual Hope Box App<\/a><\/strong><\/h2>\n<\/div>\n\n\n\n<div class=\"wp-block-column is-layout-flow wp-block-column-is-layout-flow\">\n<h2 class=\"wp-block-heading has-text-align-center\"><strong><a href=\"https:\/\/lifelineforattemptsurvivors.org\/my3-app\/\">My 3 App<\/a><\/strong><\/h2>\n<\/div>\n<\/div>\n\n\n\n<div class=\"wp-block-columns is-layout-flex wp-container-core-columns-is-layout-9d6595d7 wp-block-columns-is-layout-flex\">\n<div class=\"wp-block-column is-layout-flow wp-block-column-is-layout-flow\">\n<figure class=\"wp-block-image size-full\"><a href=\"https:\/\/apps.apple.com\/au\/app\/virtual-hope-box\/id825099621\" target=\"_blank\" rel=\"noopener\"><img loading=\"lazy\" decoding=\"async\" width=\"1024\" height=\"540\" src=\"https:\/\/www.millardk12.org\/mhs\/wp-content\/uploads\/sites\/2\/2022\/02\/VirtualHopeBoxScreenShots-1024x540-1.jpg\" alt=\"\" class=\"wp-image-1831\" srcset=\"https:\/\/www.millardk12.org\/mhs\/wp-content\/uploads\/sites\/2\/2022\/02\/VirtualHopeBoxScreenShots-1024x540-1.jpg 1024w, https:\/\/www.millardk12.org\/mhs\/wp-content\/uploads\/sites\/2\/2022\/02\/VirtualHopeBoxScreenShots-1024x540-1-300x158.jpg 300w, https:\/\/www.millardk12.org\/mhs\/wp-content\/uploads\/sites\/2\/2022\/02\/VirtualHopeBoxScreenShots-1024x540-1-768x405.jpg 768w\" sizes=\"auto, (max-width: 1024px) 100vw, 1024px\" \/><\/a><figcaption class=\"wp-element-caption\">Virtual Hope Box is a multi-media coping skill APP designed for individuals struggling with depression. The four main features of Virtual Hope Box include sections for distraction, inspiration, relaxation, and coping skill options. The distraction techniques include games that require focus, like Sudoku and word puzzles. The relaxation techniques offer a variety of guided and self-controlled meditation exercises. The coping techniques offer suggestions for activities that reduce stress. The inspiration section offers brief quotes to improve mood and motivation. The app can be used in collaboration with a mental health provider through the \u201ccoping cards\u201d feature, which can be programmed to address specific problem areas. The relaxation tools can also be used with a clinical professional or other meditation partner, if desired.<br>Virtual Hope Box es una aplicaci\u00f3n de habilidades de afrontamiento multimedia dise\u00f1ada para personas que luchan contra la depresi\u00f3n. Las cuatro caracter\u00edsticas principales de Virtual Hope Box incluyen secciones para opciones de distracci\u00f3n, inspiraci\u00f3n, relajaci\u00f3n y habilidades de afrontamiento. Las t\u00e9cnicas de distracci\u00f3n incluyen juegos que requieren concentraci\u00f3n, como Sudoku y rompecabezas de palabras. Las t\u00e9cnicas de relajaci\u00f3n ofrecen una variedad de ejercicios de meditaci\u00f3n guiada y autocontrolada. Las t\u00e9cnicas de afrontamiento ofrecen sugerencias para actividades que reducen el estr\u00e9s. La secci\u00f3n de inspiraci\u00f3n ofrece citas breves para mejorar el estado de \u00e1nimo y la motivaci\u00f3n. La aplicaci\u00f3n se puede usar en colaboraci\u00f3n con un proveedor de salud mental a trav\u00e9s de la funci\u00f3n de &#8220;tarjetas de afrontamiento&#8221;, que se puede programar para abordar \u00e1reas problem\u00e1ticas espec\u00edficas. Las herramientas de relajaci\u00f3n tambi\u00e9n se pueden usar con un profesional cl\u00ednico u otro compa\u00f1ero de meditaci\u00f3n, si lo desea.<br><br><br><\/figcaption><\/figure>\n\n\n\n<p><\/p>\n\n\n\n<p><\/p>\n<\/div>\n\n\n\n<div class=\"wp-block-column is-layout-flow wp-block-column-is-layout-flow\">\n<figure class=\"wp-block-image size-full is-resized\"><a href=\"https:\/\/lifelineforattemptsurvivors.org\/my3-app\/\"><img loading=\"lazy\" decoding=\"async\" width=\"230\" height=\"87\" src=\"https:\/\/www.millardk12.org\/mhs\/wp-content\/uploads\/sites\/2\/2025\/10\/my3.jpg\" alt=\"\" class=\"wp-image-3816\" style=\"width:404px;height:auto\"\/><\/a><\/figure>\n\n\n\n<h3 class=\"wp-block-heading\"><strong>MY3 lets you stay connected when you are having thoughts of suicide.<\/strong><\/h3>\n\n\n\n<p>With MY3, you define your network and your plan to stay safe. With MY3 you can be prepared to help yourself and reach out to others when you are having thoughts of suicide.<\/p>\n\n\n\n<p>Remember: there is hope and a life to look forward to, even in your darkest moments. MY3 can help you get through your most difficult times.<\/p>\n\n\n\n<p>Who are your 3? Is it your sister? Your therapist? Maybe even a neighbor down the street? Download MY3 to make sure that your 3 are there to help you when you need them most.<\/p>\n\n\n\n<p>MY3 is available in the Apple App Store and Google Play, free of charge. Click below on your preferred mobile application provider for instructions on how to download MY3 to your mobile device.<\/p>\n\n\n\n<p>MY3 te permite mantenerte conectado cuando tienes pensamientos suicidas.<\/p>\n\n\n\n<p>Con MY3, defines tu red y tu plan para mantenerte seguro. Con MY3, puedes estar preparado para ayudarte a ti mismo y conectar con otros cuando tengas pensamientos suicidas.<\/p>\n\n\n\n<p>Recuerda: hay esperanza y una vida que anhelar, incluso en tus momentos m\u00e1s dif\u00edciles. MY3 puede ayudarte a superar tus momentos m\u00e1s dif\u00edciles.<\/p>\n\n\n\n<p>\u00bfQui\u00e9nes son tus 3 amigos? \u00bfTu hermana? \u00bfTu terapeuta? \u00bfQuiz\u00e1s incluso un vecino de la calle? Descarga MY3 para asegurarte de que tus 3 amigos est\u00e9n ah\u00ed para ayudarte cuando m\u00e1s los necesites.<\/p>\n\n\n\n<p>MY3 est\u00e1 disponible en la App Store de Apple y Google Play, de forma gratuita. Haz clic a continuaci\u00f3n en tu proveedor de aplicaciones m\u00f3viles preferido para obtener instrucciones sobre c\u00f3mo descargar MY3 a \u200b\u200btu dispositivo m\u00f3vil.<\/p>\n<\/div>\n<\/div>\n\n\n\n<div class=\"wp-block-columns is-layout-flex wp-container-core-columns-is-layout-9d6595d7 wp-block-columns-is-layout-flex\">\n<div class=\"wp-block-column is-layout-flow wp-block-column-is-layout-flow\">\n<h2 class=\"wp-block-heading has-text-align-center\"><strong><a href=\"https:\/\/iamsober.com\/en\/site\/home\">I Am Sober APP<\/a><\/strong><\/h2>\n<\/div>\n\n\n\n<div class=\"wp-block-column is-layout-flow wp-block-column-is-layout-flow\">\n<h2 class=\"wp-block-heading has-text-align-center\"><strong><a href=\"https:\/\/apps.apple.com\/us\/app\/rain-sounds-free\/id430534056\">Relax Rain APP<\/a><\/strong><\/h2>\n<\/div>\n<\/div>\n\n\n\n<div class=\"wp-block-columns is-layout-flex wp-container-core-columns-is-layout-9d6595d7 wp-block-columns-is-layout-flex\">\n<div class=\"wp-block-column is-layout-flow wp-block-column-is-layout-flow\"><div class=\"wp-block-image\">\n<figure class=\"aligncenter size-full is-resized\"><img loading=\"lazy\" decoding=\"async\" width=\"320\" height=\"180\" src=\"https:\/\/www.millardk12.org\/mhs\/wp-content\/uploads\/sites\/2\/2022\/02\/sober.jpg\" alt=\"\" class=\"wp-image-1886\" style=\"width:648px;height:364px\" srcset=\"https:\/\/www.millardk12.org\/mhs\/wp-content\/uploads\/sites\/2\/2022\/02\/sober.jpg 320w, https:\/\/www.millardk12.org\/mhs\/wp-content\/uploads\/sites\/2\/2022\/02\/sober-300x169.jpg 300w\" sizes=\"auto, (max-width: 320px) 100vw, 320px\" \/><figcaption class=\"wp-element-caption\">The I Am Sober app features: Sober day tracker to visualize how long you\u2019ve been sober, a remember why you quit feature where you add reasons and photos to help you remember why you want to quit your addiction and stay sober, a daily pledge tracker to start your day off by making a pledge to stay sober and allows you to review how your day went and log notes at the end of the day, a sobriety calculator where you can view how much money &amp; time you\u2019ve saved by being sober, a feature to analyze your triggers where you recap each day and find patterns that made your day easier or more challenging than the last, a share your story with others or for yourself feature where you can add photos and journal your progress directly in the app, a milestone tracker that allows you to celebrate your milestones from 1 day, to 1 week, to 1 month and beyond where you can share your progress if you want and read how others felt at this milestone and what you can expect, and a withdrawal timeline where you get an idea of what to expect for your next few days (and weeks) and be able to prepare yourself for what\u2019s to come in recovery.<\/figcaption><\/figure>\n<\/div><\/div>\n\n\n\n<div class=\"wp-block-column is-layout-flow wp-block-column-is-layout-flow\"><div class=\"wp-block-image\">\n<figure class=\"aligncenter size-full is-resized\"><img loading=\"lazy\" decoding=\"async\" width=\"321\" height=\"157\" src=\"https:\/\/www.millardk12.org\/mhs\/wp-content\/uploads\/sites\/2\/2022\/02\/rain.jpeg\" alt=\"\" class=\"wp-image-1888\" style=\"width:640px;height:313px\" srcset=\"https:\/\/www.millardk12.org\/mhs\/wp-content\/uploads\/sites\/2\/2022\/02\/rain.jpeg 321w, https:\/\/www.millardk12.org\/mhs\/wp-content\/uploads\/sites\/2\/2022\/02\/rain-300x147.jpeg 300w\" sizes=\"auto, (max-width: 321px) 100vw, 321px\" \/><figcaption class=\"wp-element-caption\">This App allows you to enjoy the relaxing and soothing sound of rain falling: Forest Rain, Heavy Rain, Light Rain, Rain on Tent, Rain Shower, Sprinkle, Thunderstorm, Wind and Rain, all in a beautiful and easy to use interface. Benefits are: Helps with insomnia, get to sleep quicker, improve quality of sleep, blocks out distracting noise, boosts concentration by drowning out distracting thoughts with relaxing sounds, helps you stay calm &amp; stress-free!<\/figcaption><\/figure>\n<\/div><\/div>\n<\/div>\n\n\n\n<div class=\"wp-block-columns is-layout-flex wp-container-core-columns-is-layout-9d6595d7 wp-block-columns-is-layout-flex\">\n<div class=\"wp-block-column is-layout-flow wp-block-column-is-layout-flow\">\n<div class=\"wp-block-columns is-layout-flex wp-container-core-columns-is-layout-9d6595d7 wp-block-columns-is-layout-flex\">\n<div class=\"wp-block-column is-layout-flow wp-block-column-is-layout-flow\">\n<h2 class=\"wp-block-heading has-text-align-center\"><a href=\"https:\/\/moodtools.org\/\">MoodTools APP<\/a><\/h2>\n<\/div>\n<\/div>\n\n\n<div class=\"wp-block-image is-resized\">\n<figure class=\"aligncenter size-full\"><a href=\"https:\/\/moodtools.org\/\"><img loading=\"lazy\" decoding=\"async\" width=\"512\" height=\"512\" src=\"https:\/\/www.millardk12.org\/mhs\/wp-content\/uploads\/sites\/2\/2022\/02\/mood-tools.png\" alt=\"\" class=\"wp-image-1887\" srcset=\"https:\/\/www.millardk12.org\/mhs\/wp-content\/uploads\/sites\/2\/2022\/02\/mood-tools.png 512w, https:\/\/www.millardk12.org\/mhs\/wp-content\/uploads\/sites\/2\/2022\/02\/mood-tools-300x300.png 300w, https:\/\/www.millardk12.org\/mhs\/wp-content\/uploads\/sites\/2\/2022\/02\/mood-tools-150x150.png 150w\" sizes=\"auto, (max-width: 512px) 100vw, 512px\" \/><\/a><figcaption class=\"wp-element-caption\">This is a powerful free app that students can use to help regulate their mental\/emotional wellbeing (these apps do not take the place of a competent mental health professional when needed). One APP to take a look at is MoodTools. This APP aims at helping users manage symptoms of depression through Cognitive Behavioral Therapy (CBT) activities. The app contains a Thought Diary, to help users reframe negative thinking. The app provides educational information about depression, self-help guidelines, and links additional resources. Users can take the PHQ-9 depression questionnaire and track symptoms over time. MoodTools will also suggest a range of activities to the user, for example practicing gratitude, exercising, and mood can be tracked before and after completing the activity. Users can also create a safety plan to keep safe and access emergency resources during a suicidal crisis.<\/figcaption><\/figure>\n<\/div><\/div>\n\n\n\n<div class=\"wp-block-column is-layout-flow wp-block-column-is-layout-flow\"><\/div>\n<\/div>\n\n\n\n<p><\/p>\n","protected":false},"excerpt":{"rendered":"<p>School-Based Private Counseling MHS has school-based private counselors available to treat students while they are in school &#8211; for free. Talk to the school counselor, Mrs. Stewart, for more information about this excellent resource for students needing extra mental health support. MHS tiene consejeros privados basados \u200b\u200ben la escuela disponibles para tratar a los estudiantes [&hellip;]<\/p>\n","protected":false},"author":48,"featured_media":0,"parent":505,"menu_order":0,"comment_status":"closed","ping_status":"closed","template":"","meta":{"footnotes":""},"class_list":["post-1161","page","type-page","status-publish","hentry"],"_links":{"self":[{"href":"https:\/\/www.millardk12.org\/mhs\/wp-json\/wp\/v2\/pages\/1161","targetHints":{"allow":["GET"]}}],"collection":[{"href":"https:\/\/www.millardk12.org\/mhs\/wp-json\/wp\/v2\/pages"}],"about":[{"href":"https:\/\/www.millardk12.org\/mhs\/wp-json\/wp\/v2\/types\/page"}],"author":[{"embeddable":true,"href":"https:\/\/www.millardk12.org\/mhs\/wp-json\/wp\/v2\/users\/48"}],"replies":[{"embeddable":true,"href":"https:\/\/www.millardk12.org\/mhs\/wp-json\/wp\/v2\/comments?post=1161"}],"version-history":[{"count":38,"href":"https:\/\/www.millardk12.org\/mhs\/wp-json\/wp\/v2\/pages\/1161\/revisions"}],"predecessor-version":[{"id":3821,"href":"https:\/\/www.millardk12.org\/mhs\/wp-json\/wp\/v2\/pages\/1161\/revisions\/3821"}],"up":[{"embeddable":true,"href":"https:\/\/www.millardk12.org\/mhs\/wp-json\/wp\/v2\/pages\/505"}],"wp:attachment":[{"href":"https:\/\/www.millardk12.org\/mhs\/wp-json\/wp\/v2\/media?parent=1161"}],"curies":[{"name":"wp","href":"https:\/\/api.w.org\/{rel}","templated":true}]}}