


{"id":1186,"date":"2022-01-06T19:13:15","date_gmt":"2022-01-06T19:13:15","guid":{"rendered":"https:\/\/www.millardk12.org\/mhs\/?page_id=1186"},"modified":"2026-04-07T08:55:40","modified_gmt":"2026-04-07T15:55:40","slug":"concurrent-enrollment","status":"publish","type":"page","link":"https:\/\/www.millardk12.org\/mhs\/counseling-center\/concurrent-enrollment\/","title":{"rendered":"Concurrent Enrollment"},"content":{"rendered":"\n<p><a href=\"https:\/\/www.millardk12.org\/mhs\/counseling-center\/concurrent-enrollment\/\">View Page<\/a><\/p>\n\n\n\n<div class=\"wp-block-columns is-layout-flex wp-container-core-columns-is-layout-9d6595d7 wp-block-columns-is-layout-flex\">\n<div class=\"wp-block-column is-layout-flow wp-block-column-is-layout-flow\" style=\"flex-basis:100%\">\n<figure class=\"wp-block-image size-full is-resized\"><img loading=\"lazy\" decoding=\"async\" width=\"749\" height=\"418\" src=\"https:\/\/www.millardk12.org\/mhs\/wp-content\/uploads\/sites\/2\/2025\/04\/Certificate.jpg\" alt=\"\" class=\"wp-image-3134\" style=\"width:496px;height:auto\" srcset=\"https:\/\/www.millardk12.org\/mhs\/wp-content\/uploads\/sites\/2\/2025\/04\/Certificate.jpg 749w, https:\/\/www.millardk12.org\/mhs\/wp-content\/uploads\/sites\/2\/2025\/04\/Certificate-300x167.jpg 300w\" sizes=\"auto, (max-width: 749px) 100vw, 749px\" \/><\/figure>\n<\/div>\n<\/div>\n\n\n\n<h1 class=\"wp-block-heading has-text-align-center counseling_header\"><strong>Millard U<\/strong><\/h1>\n\n\n\n<div class=\"wp-block-columns is-layout-flex wp-container-core-columns-is-layout-9d6595d7 wp-block-columns-is-layout-flex\">\n<div class=\"wp-block-column is-layout-flow wp-block-column-is-layout-flow\">\n<h5 class=\"wp-block-heading has-text-align-center\">For questions and assistance regarding concurrent enrollment, contact Katrina Rhinehart at 435-743-2016 or <a href=\"https:\/\/www.millardk12.org\/mhs\/contact-us\/?wpf3545_1=Katrina%20Rhinehart\">email <\/a><\/h5>\n\n\n\n<hr class=\"wp-block-separator has-alpha-channel-opacity\"\/>\n\n\n\n<h5 class=\"wp-block-heading has-text-align-center\">Para preguntas y asistencia con respecto a la inscripci\u00f3n simult\u00e1nea, comun\u00edquese con Katrina Rhinehart al 435-743-2016 <a href=\"https:\/\/www.millardk12.org\/mhs\/contact-us\/?wpf3545_1=Katrina%20Rhinehart\">o env\u00ede un correo electr\u00f3nico a <\/a><\/h5>\n<\/div>\n\n\n\n<div class=\"wp-block-column is-layout-flow wp-block-column-is-layout-flow\">\n<figure class=\"wp-block-image size-full is-resized\"><img loading=\"lazy\" decoding=\"async\" width=\"640\" height=\"800\" src=\"https:\/\/www.millardk12.org\/mhs\/wp-content\/uploads\/sites\/2\/2019\/06\/00379.jpeg\" alt=\"\" class=\"wp-image-3898\" style=\"width:249px;height:auto\" srcset=\"https:\/\/www.millardk12.org\/mhs\/wp-content\/uploads\/sites\/2\/2019\/06\/00379.jpeg 640w, https:\/\/www.millardk12.org\/mhs\/wp-content\/uploads\/sites\/2\/2019\/06\/00379-240x300.jpeg 240w\" sizes=\"auto, (max-width: 640px) 100vw, 640px\" \/><\/figure>\n<\/div>\n<\/div>\n\n\n\n<p>*Students must be at least a Sophomore and have a 3.0 GPA to take college concurrent enrollment classes in high school.<\/p>\n\n\n\n<p>*Los estudiantes deben ser al menos un estudiante de segundo a\u00f1o y tener un GPA de 3.0 para tomar clases de inscripci\u00f3n simult\u00e1nea a la universidad en la escuela secundaria.<\/p>\n\n\n\n<hr class=\"wp-block-separator has-alpha-channel-opacity\"\/>\n\n\n\n<h3 class=\"wp-block-heading\"><strong>ACT Scores Required:<br>Math 1040: Math 22 or Higher<\/strong><br><strong>Math 1050: Math 23 or Higher<\/strong><br><strong>Math 1060: Math 25 or Higher<br>ENGL 1010: Reading AND English 18 or Higher<\/strong><\/h3>\n\n\n<div class=\"wp-block-image\">\n<figure class=\"aligncenter size-full is-resized\"><img loading=\"lazy\" decoding=\"async\" width=\"727\" height=\"292\" src=\"https:\/\/www.millardk12.org\/mhs\/wp-content\/uploads\/sites\/2\/2022\/01\/Snow_College_logo_new.jpg\" alt=\"\" class=\"wp-image-1187\" style=\"width:451px;height:auto\" srcset=\"https:\/\/www.millardk12.org\/mhs\/wp-content\/uploads\/sites\/2\/2022\/01\/Snow_College_logo_new.jpg 727w, https:\/\/www.millardk12.org\/mhs\/wp-content\/uploads\/sites\/2\/2022\/01\/Snow_College_logo_new-300x120.jpg 300w\" sizes=\"auto, (max-width: 727px) 100vw, 727px\" \/><\/figure>\n<\/div>\n\n\n<div class=\"wp-block-columns is-layout-flex wp-container-core-columns-is-layout-9d6595d7 wp-block-columns-is-layout-flex\">\n<div class=\"wp-block-column is-layout-flow wp-block-column-is-layout-flow\">\n<figure class=\"wp-block-image size-full is-resized\"><a href=\"https:\/\/www.millardk12.org\/mhs\/concurrent-enrollment\/\"><img loading=\"lazy\" decoding=\"async\" width=\"205\" height=\"237\" src=\"https:\/\/www.millardk12.org\/mhs\/wp-content\/uploads\/sites\/2\/2025\/03\/What-is.jpg\" alt=\"\" class=\"wp-image-2989\" style=\"width:190px;height:auto\"\/><\/a><\/figure>\n<\/div>\n\n\n\n<div class=\"wp-block-column is-layout-flow wp-block-column-is-layout-flow\">\n<figure class=\"wp-block-image size-full is-resized\"><a href=\"https:\/\/www.millardk12.org\/mhs\/counseling-center\/concurrent-enrollment\/how-to-apply-register-for-snow-college\/\" target=\"_blank\" rel=\"noreferrer noopener\"><img loading=\"lazy\" decoding=\"async\" width=\"208\" height=\"224\" src=\"https:\/\/www.millardk12.org\/mhs\/wp-content\/uploads\/sites\/2\/2025\/03\/how-to-apply.jpg\" alt=\"\" class=\"wp-image-2991\" style=\"width:192px;height:auto\"\/><\/a><\/figure>\n<\/div>\n\n\n\n<div class=\"wp-block-column is-layout-flow wp-block-column-is-layout-flow\">\n<figure class=\"wp-block-image size-full is-resized\"><a href=\"https:\/\/www.millardk12.org\/mhs\/concurrent-enrollment-courses\/\"><img loading=\"lazy\" decoding=\"async\" width=\"211\" height=\"234\" src=\"https:\/\/www.millardk12.org\/mhs\/wp-content\/uploads\/sites\/2\/2025\/03\/Courses.jpg\" alt=\"\" class=\"wp-image-2992\" style=\"width:190px;height:auto\"\/><\/a><\/figure>\n<\/div>\n<\/div>\n\n\n\n<div class=\"wp-block-columns is-layout-flex wp-container-core-columns-is-layout-9d6595d7 wp-block-columns-is-layout-flex\">\n<div class=\"wp-block-column is-layout-flow wp-block-column-is-layout-flow\">\n<figure class=\"wp-block-image size-full is-resized\"><a href=\"https:\/\/www.millardk12.org\/mhs\/snow-college-add-drop-forms\/\"><img loading=\"lazy\" decoding=\"async\" width=\"262\" height=\"292\" src=\"https:\/\/www.millardk12.org\/mhs\/wp-content\/uploads\/sites\/2\/2025\/10\/Screenshot-2025-10-02-9.46.46-AM.png\" alt=\"\" class=\"wp-image-3716\" style=\"width:199px;height:auto\"\/><\/a><\/figure>\n<\/div>\n\n\n\n<div class=\"wp-block-column is-layout-flow wp-block-column-is-layout-flow\">\n<figure class=\"wp-block-image size-full is-resized\"><a href=\"https:\/\/www.millardk12.org\/mhs\/counseling-center\/concurrent-enrollment\/snow-college-tuition\/\"><img loading=\"lazy\" decoding=\"async\" width=\"262\" height=\"292\" src=\"https:\/\/www.millardk12.org\/mhs\/wp-content\/uploads\/sites\/2\/2025\/10\/Screenshot-2025-10-02-9.46.59-AM.png\" alt=\"\" class=\"wp-image-3717\" style=\"width:202px;height:auto\"\/><\/a><\/figure>\n<\/div>\n\n\n\n<div class=\"wp-block-column is-layout-flow wp-block-column-is-layout-flow\">\n<figure class=\"wp-block-image size-full is-resized\"><a href=\"https:\/\/www.millardk12.org\/mhs\/certificate-of-completion\/\"><img loading=\"lazy\" decoding=\"async\" width=\"210\" height=\"234\" src=\"https:\/\/www.millardk12.org\/mhs\/wp-content\/uploads\/sites\/2\/2025\/03\/Certificate.jpg\" alt=\"\" class=\"wp-image-2994\" style=\"width:193px;height:auto\"\/><\/a><\/figure>\n<\/div>\n<\/div>\n\n\n\n<div class=\"wp-block-columns is-layout-flex wp-container-core-columns-is-layout-9d6595d7 wp-block-columns-is-layout-flex\">\n<div class=\"wp-block-column is-layout-flow wp-block-column-is-layout-flow\">\n<div class=\"wp-block-columns is-layout-flex wp-container-core-columns-is-layout-9d6595d7 wp-block-columns-is-layout-flex\">\n<div class=\"wp-block-column is-layout-flow wp-block-column-is-layout-flow\">\n<figure class=\"wp-block-image size-full is-resized\"><a href=\"https:\/\/www.millardk12.org\/mhs\/concurrent-enrollment-credits-transfer\/\"><img loading=\"lazy\" decoding=\"async\" width=\"232\" height=\"263\" src=\"https:\/\/www.millardk12.org\/mhs\/wp-content\/uploads\/sites\/2\/2025\/03\/Transfer.jpg\" alt=\"\" class=\"wp-image-2996\" style=\"width:186px;height:auto\"\/><\/a><\/figure>\n<\/div>\n\n\n\n<div class=\"wp-block-column is-layout-flow wp-block-column-is-layout-flow\">\n<figure class=\"wp-block-image size-full is-resized\"><a href=\"https:\/\/www.snow.edu\/academics\/concurrent\/student_procedures.html\"><img loading=\"lazy\" decoding=\"async\" width=\"209\" height=\"225\" src=\"https:\/\/www.millardk12.org\/mhs\/wp-content\/uploads\/sites\/2\/2025\/03\/how-to-videos.jpg\" alt=\"\" class=\"wp-image-2993\" style=\"width:192px;height:auto\"\/><\/a><\/figure>\n<\/div>\n\n\n\n<div class=\"wp-block-column is-layout-flow wp-block-column-is-layout-flow\"><\/div>\n<\/div>\n<\/div>\n<\/div>\n\n\n\n<h1 class=\"wp-block-heading has-text-align-center\"><strong>Announcements:<\/strong><\/h1>\n\n\n\n<div class=\"wp-block-columns is-layout-flex wp-container-core-columns-is-layout-9d6595d7 wp-block-columns-is-layout-flex\">\n<div class=\"wp-block-column is-layout-flow wp-block-column-is-layout-flow\">\n<h2 class=\"wp-block-heading has-text-align-center\"><strong>Millard U:<\/strong><\/h2>\n<\/div>\n\n\n\n<div class=\"wp-block-column is-layout-flow wp-block-column-is-layout-flow\">\n<h2 class=\"wp-block-heading has-text-align-center\"><strong>Snow College:<\/strong><\/h2>\n<\/div>\n<\/div>\n\n\n\n<div class=\"wp-block-columns is-layout-flex wp-container-core-columns-is-layout-9d6595d7 wp-block-columns-is-layout-flex\">\n<div class=\"wp-block-column is-layout-flow wp-block-column-is-layout-flow\">\n<figure class=\"wp-block-image size-full\"><img loading=\"lazy\" decoding=\"async\" width=\"1103\" height=\"272\" src=\"https:\/\/www.millardk12.org\/mhs\/wp-content\/uploads\/sites\/2\/2026\/02\/Snow-College-Fall-2026.jpg\" alt=\"\" class=\"wp-image-4125\" srcset=\"https:\/\/www.millardk12.org\/mhs\/wp-content\/uploads\/sites\/2\/2026\/02\/Snow-College-Fall-2026.jpg 1103w, https:\/\/www.millardk12.org\/mhs\/wp-content\/uploads\/sites\/2\/2026\/02\/Snow-College-Fall-2026-300x74.jpg 300w, https:\/\/www.millardk12.org\/mhs\/wp-content\/uploads\/sites\/2\/2026\/02\/Snow-College-Fall-2026-1024x253.jpg 1024w, https:\/\/www.millardk12.org\/mhs\/wp-content\/uploads\/sites\/2\/2026\/02\/Snow-College-Fall-2026-768x189.jpg 768w\" sizes=\"auto, (max-width: 1103px) 100vw, 1103px\" \/><\/figure>\n<\/div>\n\n\n\n<div class=\"wp-block-column is-layout-flow wp-block-column-is-layout-flow\">\n<figure class=\"wp-block-image size-full\"><img loading=\"lazy\" decoding=\"async\" width=\"847\" height=\"814\" src=\"https:\/\/www.millardk12.org\/mhs\/wp-content\/uploads\/sites\/2\/2026\/03\/Spring-2026-Snow-Calendar.jpg\" alt=\"\" class=\"wp-image-4171\" srcset=\"https:\/\/www.millardk12.org\/mhs\/wp-content\/uploads\/sites\/2\/2026\/03\/Spring-2026-Snow-Calendar.jpg 847w, https:\/\/www.millardk12.org\/mhs\/wp-content\/uploads\/sites\/2\/2026\/03\/Spring-2026-Snow-Calendar-300x288.jpg 300w, https:\/\/www.millardk12.org\/mhs\/wp-content\/uploads\/sites\/2\/2026\/03\/Spring-2026-Snow-Calendar-768x738.jpg 768w\" sizes=\"auto, (max-width: 847px) 100vw, 847px\" \/><\/figure>\n<\/div>\n<\/div>\n\n\n\n<figure class=\"wp-block-embed aligncenter is-type-rich is-provider-canva wp-block-embed-canva\"><div class=\"wp-block-embed__wrapper\">\n<iframe loading=\"lazy\" title=\"Concurrent Enrollment PPT\" src=\"https:\/\/www.canva.com\/design\/DAHAMOq9IhI\/I9Wr26mXPgMOpyT7Zqi7Kw\/view?embed&amp;meta\" height=\"591\" width=\"1050\" style=\"border: none; border-radius: 8px; width: 1050px; height: 591px;\" allowfullscreen=\"allowfullscreen\" allow=\"fullscreen\"><\/iframe>\n<\/div><\/figure>\n\n\n\n<h1 class=\"wp-block-heading has-text-align-center\">Millard U FALL 2026 Schedule<\/h1>\n\n\n<a href=\"https:\/\/www.millardk12.org\/mhs\/wp-content\/uploads\/sites\/2\/2026\/04\/MASTER-LIST-OF-ALL-DOCS-IVC-list-for-CRN_-Rooms_-PS-Fall-2026-Registeration-CRN-List-2.pdf\" class=\"pdfemb-viewer\" style=\"\" data-width=\"max\" data-height=\"max\" data-toolbar=\"bottom\" data-toolbar-fixed=\"off\">MASTER-LIST-OF-ALL-DOCS-IVC-list-for-CRN_-Rooms_-PS-Fall-2026-Registeration-CRN-List-2<\/a>\n\n\n<div class=\"wp-block-columns is-layout-flex wp-container-core-columns-is-layout-9d6595d7 wp-block-columns-is-layout-flex\">\n<div class=\"wp-block-column is-layout-flow wp-block-column-is-layout-flow\"><\/div>\n<\/div>\n","protected":false},"excerpt":{"rendered":"<p>View Page Millard U For questions and assistance regarding concurrent enrollment, contact Katrina Rhinehart at 435-743-2016 or email Para preguntas y asistencia con respecto a la inscripci\u00f3n simult\u00e1nea, comun\u00edquese con Katrina Rhinehart al 435-743-2016 o env\u00ede un correo electr\u00f3nico a *Students must be at least a Sophomore and have a 3.0 GPA to take college [&hellip;]<\/p>\n","protected":false},"author":48,"featured_media":0,"parent":505,"menu_order":0,"comment_status":"closed","ping_status":"closed","template":"","meta":{"footnotes":""},"class_list":["post-1186","page","type-page","status-publish","hentry"],"_links":{"self":[{"href":"https:\/\/www.millardk12.org\/mhs\/wp-json\/wp\/v2\/pages\/1186","targetHints":{"allow":["GET"]}}],"collection":[{"href":"https:\/\/www.millardk12.org\/mhs\/wp-json\/wp\/v2\/pages"}],"about":[{"href":"https:\/\/www.millardk12.org\/mhs\/wp-json\/wp\/v2\/types\/page"}],"author":[{"embeddable":true,"href":"https:\/\/www.millardk12.org\/mhs\/wp-json\/wp\/v2\/users\/48"}],"replies":[{"embeddable":true,"href":"https:\/\/www.millardk12.org\/mhs\/wp-json\/wp\/v2\/comments?post=1186"}],"version-history":[{"count":89,"href":"https:\/\/www.millardk12.org\/mhs\/wp-json\/wp\/v2\/pages\/1186\/revisions"}],"predecessor-version":[{"id":4180,"href":"https:\/\/www.millardk12.org\/mhs\/wp-json\/wp\/v2\/pages\/1186\/revisions\/4180"}],"up":[{"embeddable":true,"href":"https:\/\/www.millardk12.org\/mhs\/wp-json\/wp\/v2\/pages\/505"}],"wp:attachment":[{"href":"https:\/\/www.millardk12.org\/mhs\/wp-json\/wp\/v2\/media?parent=1186"}],"curies":[{"name":"wp","href":"https:\/\/api.w.org\/{rel}","templated":true}]}}