


{"id":1243,"date":"2022-01-10T16:49:05","date_gmt":"2022-01-10T16:49:05","guid":{"rendered":"https:\/\/www.millardk12.org\/mhs\/?page_id=1243"},"modified":"2025-10-24T12:06:44","modified_gmt":"2025-10-24T19:06:44","slug":"graduation-requirements","status":"publish","type":"page","link":"https:\/\/www.millardk12.org\/mhs\/counseling-center\/graduation-requirements\/","title":{"rendered":"Graduation and Schedule Planning"},"content":{"rendered":"\n<h1 class=\"wp-block-heading has-text-align-center counseling_header\"><strong>Graduation Requirements<\/strong><\/h1>\n\n\n<div class=\"wp-block-image\">\n<figure class=\"aligncenter size-full\"><img loading=\"lazy\" decoding=\"async\" width=\"628\" height=\"695\" src=\"https:\/\/www.millardk12.org\/mhs\/wp-content\/uploads\/sites\/2\/2022\/01\/MHS-Graduation-requirments.jpg\" alt=\"\" class=\"wp-image-1244\" srcset=\"https:\/\/www.millardk12.org\/mhs\/wp-content\/uploads\/sites\/2\/2022\/01\/MHS-Graduation-requirments.jpg 628w, https:\/\/www.millardk12.org\/mhs\/wp-content\/uploads\/sites\/2\/2022\/01\/MHS-Graduation-requirments-271x300.jpg 271w\" sizes=\"auto, (max-width: 628px) 100vw, 628px\" \/><\/figure>\n<\/div>\n\n\n<div style=\"height:40px\" aria-hidden=\"true\" class=\"wp-block-spacer\"><\/div>\n\n\n\n<h2 class=\"wp-block-heading has-text-align-center\">PCCR (Plan for College and Career Readiness) Form <\/h2>\n\n\n\n<p>The counselor keeps a PCCR form on every student to track their plan for graduation and their future plan after high school.  Parents and students have a PCCR meeting with the school counselor during the Freshman year to go over graduation requirements, high school educational options and opportunities, and post high school education\/training plans.   A 4 year high school plan is established and the student and parents, as well as the counselor, retain a copy. This plan is revisited as needed.  Just before the student&#8217;s senior year, another PCCR meeting between parents, students and the counselor is held to finalize high school and post high school plans.<\/p>\n\n\n\n<p>El consejero mantiene un formulario PCCR en cada estudiante para realizar un seguimiento de su plan de graduaci\u00f3n y su plan futuro despu\u00e9s de la escuela secundaria. Los padres y los estudiantes tienen una reuni\u00f3n de PCCR con el consejero escolar durante el primer a\u00f1o para repasar los requisitos de graduaci\u00f3n, las opciones y oportunidades educativas de la escuela secundaria y los planes de educaci\u00f3n\/capacitaci\u00f3n posteriores a la escuela secundaria. Se establece un plan de escuela secundaria de 4 a\u00f1os y el estudiante y los padres, as\u00ed como el consejero, retienen una copia. Este plan se revisa seg\u00fan sea necesario. Justo antes del \u00faltimo a\u00f1o del estudiante, se lleva a cabo otra reuni\u00f3n de PCCR entre los padres, los estudiantes y el consejero para finalizar los planes para la escuela secundaria y despu\u00e9s de la escuela secundaria.<\/p>\n\n\n<div class=\"wp-block-image\">\n<figure class=\"aligncenter size-full\"><img loading=\"lazy\" decoding=\"async\" width=\"654\" height=\"844\" src=\"https:\/\/www.millardk12.org\/mhs\/wp-content\/uploads\/sites\/2\/2022\/04\/PCCR-sheet-image-pg1.jpg\" alt=\"\" class=\"wp-image-1956\" srcset=\"https:\/\/www.millardk12.org\/mhs\/wp-content\/uploads\/sites\/2\/2022\/04\/PCCR-sheet-image-pg1.jpg 654w, https:\/\/www.millardk12.org\/mhs\/wp-content\/uploads\/sites\/2\/2022\/04\/PCCR-sheet-image-pg1-232x300.jpg 232w\" sizes=\"auto, (max-width: 654px) 100vw, 654px\" \/><\/figure>\n<\/div>\n\n<div class=\"wp-block-image\">\n<figure class=\"aligncenter size-full\"><img loading=\"lazy\" decoding=\"async\" width=\"653\" height=\"658\" src=\"https:\/\/www.millardk12.org\/mhs\/wp-content\/uploads\/sites\/2\/2022\/04\/PCCR-sheet-image-pg2.jpg\" alt=\"\" class=\"wp-image-1957\" srcset=\"https:\/\/www.millardk12.org\/mhs\/wp-content\/uploads\/sites\/2\/2022\/04\/PCCR-sheet-image-pg2.jpg 653w, https:\/\/www.millardk12.org\/mhs\/wp-content\/uploads\/sites\/2\/2022\/04\/PCCR-sheet-image-pg2-298x300.jpg 298w, https:\/\/www.millardk12.org\/mhs\/wp-content\/uploads\/sites\/2\/2022\/04\/PCCR-sheet-image-pg2-150x150.jpg 150w\" sizes=\"auto, (max-width: 653px) 100vw, 653px\" \/><\/figure>\n<\/div>\n\n\n<p><\/p>\n\n\n\n<h2 class=\"wp-block-heading has-text-align-center\">2022-2023 Schedule<\/h2>\n\n\n\n<figure class=\"wp-block-image size-large\"><img loading=\"lazy\" decoding=\"async\" width=\"1024\" height=\"791\" src=\"https:\/\/www.millardk12.org\/mhs\/wp-content\/uploads\/sites\/2\/2022\/08\/Scannable-Document-on-Aug-26-2022-at-10_18_32-AM-1024x791.png\" alt=\"\" class=\"wp-image-2070\" srcset=\"https:\/\/www.millardk12.org\/mhs\/wp-content\/uploads\/sites\/2\/2022\/08\/Scannable-Document-on-Aug-26-2022-at-10_18_32-AM-1024x791.png 1024w, https:\/\/www.millardk12.org\/mhs\/wp-content\/uploads\/sites\/2\/2022\/08\/Scannable-Document-on-Aug-26-2022-at-10_18_32-AM-300x232.png 300w, https:\/\/www.millardk12.org\/mhs\/wp-content\/uploads\/sites\/2\/2022\/08\/Scannable-Document-on-Aug-26-2022-at-10_18_32-AM-768x594.png 768w, https:\/\/www.millardk12.org\/mhs\/wp-content\/uploads\/sites\/2\/2022\/08\/Scannable-Document-on-Aug-26-2022-at-10_18_32-AM-1536x1187.png 1536w, https:\/\/www.millardk12.org\/mhs\/wp-content\/uploads\/sites\/2\/2022\/08\/Scannable-Document-on-Aug-26-2022-at-10_18_32-AM-2048x1583.png 2048w\" sizes=\"auto, (max-width: 1024px) 100vw, 1024px\" \/><\/figure>\n\n\n\n<h3 class=\"wp-block-heading has-text-align-center\">Snow College Concurrent Enrollment- GE Certificate of Completion<\/h3>\n\n\n\n<div class=\"wp-block-columns is-layout-flex wp-container-core-columns-is-layout-9d6595d7 wp-block-columns-is-layout-flex\">\n<div class=\"wp-block-column is-layout-flow wp-block-column-is-layout-flow\">\n<figure class=\"wp-block-image size-large\"><img loading=\"lazy\" decoding=\"async\" width=\"1024\" height=\"768\" src=\"https:\/\/www.millardk12.org\/mhs\/wp-content\/uploads\/sites\/2\/2025\/10\/1-1024x768.jpg\" alt=\"\" class=\"wp-image-3822\" srcset=\"https:\/\/www.millardk12.org\/mhs\/wp-content\/uploads\/sites\/2\/2025\/10\/1-1024x768.jpg 1024w, https:\/\/www.millardk12.org\/mhs\/wp-content\/uploads\/sites\/2\/2025\/10\/1-300x225.jpg 300w, https:\/\/www.millardk12.org\/mhs\/wp-content\/uploads\/sites\/2\/2025\/10\/1-768x576.jpg 768w, https:\/\/www.millardk12.org\/mhs\/wp-content\/uploads\/sites\/2\/2025\/10\/1-1536x1152.jpg 1536w, https:\/\/www.millardk12.org\/mhs\/wp-content\/uploads\/sites\/2\/2025\/10\/1-2048x1536.jpg 2048w\" sizes=\"auto, (max-width: 1024px) 100vw, 1024px\" \/><\/figure>\n<\/div>\n\n\n\n<div class=\"wp-block-column is-layout-flow wp-block-column-is-layout-flow\">\n<figure class=\"wp-block-image size-large\"><img loading=\"lazy\" decoding=\"async\" width=\"1024\" height=\"768\" src=\"https:\/\/www.millardk12.org\/mhs\/wp-content\/uploads\/sites\/2\/2025\/10\/2-1024x768.jpg\" alt=\"\" class=\"wp-image-3824\" srcset=\"https:\/\/www.millardk12.org\/mhs\/wp-content\/uploads\/sites\/2\/2025\/10\/2-1024x768.jpg 1024w, https:\/\/www.millardk12.org\/mhs\/wp-content\/uploads\/sites\/2\/2025\/10\/2-300x225.jpg 300w, https:\/\/www.millardk12.org\/mhs\/wp-content\/uploads\/sites\/2\/2025\/10\/2-768x576.jpg 768w, https:\/\/www.millardk12.org\/mhs\/wp-content\/uploads\/sites\/2\/2025\/10\/2-1536x1152.jpg 1536w, https:\/\/www.millardk12.org\/mhs\/wp-content\/uploads\/sites\/2\/2025\/10\/2-2048x1536.jpg 2048w\" sizes=\"auto, (max-width: 1024px) 100vw, 1024px\" \/><\/figure>\n<\/div>\n<\/div>\n\n\n\n<h2 class=\"wp-block-heading has-text-align-center\"><strong>Which MATH is right for you?<\/strong><\/h2>\n\n\n<a href=\"https:\/\/www.millardk12.org\/mhs\/wp-content\/uploads\/sites\/2\/2022\/01\/CoreStandardsGraduationPathways-Math.pdf\" class=\"pdfemb-viewer\" style=\"\" data-width=\"max\" data-height=\"max\" data-toolbar=\"bottom\" data-toolbar-fixed=\"off\">CoreStandardsGraduationPathways-Math<\/a>\n<p class=\"wp-block-pdfemb-pdf-embedder-viewer\"><\/p>\n\n\n<a href=\"https:\/\/www.millardk12.org\/mhs\/wp-content\/uploads\/sites\/2\/2022\/01\/CoreStandardsConcurrentMath.pdf\" class=\"pdfemb-viewer\" style=\"\" data-width=\"max\" data-height=\"max\" data-toolbar=\"bottom\" data-toolbar-fixed=\"off\">CoreStandardsConcurrentMath<\/a>\n<p class=\"wp-block-pdfemb-pdf-embedder-viewer\"><\/p>\n","protected":false},"excerpt":{"rendered":"<p>Graduation Requirements PCCR (Plan for College and Career Readiness) Form The counselor keeps a PCCR form on every student to track their plan for graduation and their future plan after high school. Parents and students have a PCCR meeting with the school counselor during the Freshman year to go over graduation requirements, high school educational [&hellip;]<\/p>\n","protected":false},"author":48,"featured_media":0,"parent":505,"menu_order":0,"comment_status":"closed","ping_status":"closed","template":"","meta":{"footnotes":""},"class_list":["post-1243","page","type-page","status-publish","hentry"],"_links":{"self":[{"href":"https:\/\/www.millardk12.org\/mhs\/wp-json\/wp\/v2\/pages\/1243","targetHints":{"allow":["GET"]}}],"collection":[{"href":"https:\/\/www.millardk12.org\/mhs\/wp-json\/wp\/v2\/pages"}],"about":[{"href":"https:\/\/www.millardk12.org\/mhs\/wp-json\/wp\/v2\/types\/page"}],"author":[{"embeddable":true,"href":"https:\/\/www.millardk12.org\/mhs\/wp-json\/wp\/v2\/users\/48"}],"replies":[{"embeddable":true,"href":"https:\/\/www.millardk12.org\/mhs\/wp-json\/wp\/v2\/comments?post=1243"}],"version-history":[{"count":16,"href":"https:\/\/www.millardk12.org\/mhs\/wp-json\/wp\/v2\/pages\/1243\/revisions"}],"predecessor-version":[{"id":3825,"href":"https:\/\/www.millardk12.org\/mhs\/wp-json\/wp\/v2\/pages\/1243\/revisions\/3825"}],"up":[{"embeddable":true,"href":"https:\/\/www.millardk12.org\/mhs\/wp-json\/wp\/v2\/pages\/505"}],"wp:attachment":[{"href":"https:\/\/www.millardk12.org\/mhs\/wp-json\/wp\/v2\/media?parent=1243"}],"curies":[{"name":"wp","href":"https:\/\/api.w.org\/{rel}","templated":true}]}}