


{"id":1248,"date":"2022-01-10T16:58:34","date_gmt":"2022-01-10T16:58:34","guid":{"rendered":"https:\/\/www.millardk12.org\/mhs\/?page_id=1248"},"modified":"2025-09-24T10:19:39","modified_gmt":"2025-09-24T17:19:39","slug":"class-rank","status":"publish","type":"page","link":"https:\/\/www.millardk12.org\/mhs\/counseling-center\/class-rank\/","title":{"rendered":"Class Rank"},"content":{"rendered":"\n<h1 class=\"has-text-align-center counseling_header wp-block-heading\"><strong>Class Rank<\/strong><\/h1>\n\n\n\n<p>Millard High School calculates class rank in it&#8217;s own way, for Seniors, for the purpose of selecting a Valedictorian, Salutatorian, High Honor and Honor Students. The formula used takes into account&nbsp;not only a students GPA, but also factors in their ACT score (all Juniors take the ACT in school in the spring for free), and academic points for taking courses of rigor while in high school.&nbsp; <\/p>\n\n\n\n<p>*Be aware that colleges and scholarships, when they ask for a students class rank, are referring to the traditional rank a student receives for GPA only.\u00a0 This rank is listed on a students transcript.\u00a0\u00a0<\/p>\n\n\n\n<p>Millard High School calcula el rango de la clase a su manera, para los estudiantes de \u00faltimo a\u00f1o, con el prop\u00f3sito de seleccionar un Valedictorian, Salutatorian, High Honor y Honor Students. La f\u00f3rmula utilizada tiene en cuenta no solo el GPA de los estudiantes, sino tambi\u00e9n su puntaje ACT (todos los Juniors toman el ACT en la escuela en la primavera de forma gratuita) y los puntos acad\u00e9micos por tomar cursos de rigor mientras est\u00e1n en la escuela secundaria.<\/p>\n\n\n\n<p>*Tenga en cuenta que las universidades y las becas, cuando solicitan el rango de clase de un estudiante, se refieren al rango tradicional que recibe un estudiante solo para el GPA. Este rango aparece en el expediente acad\u00e9mico de los estudiantes.<\/p>\n\n\n\n<figure class=\"wp-block-image size-full is-resized\"><img loading=\"lazy\" decoding=\"async\" src=\"https:\/\/www.millardk12.org\/mhs\/wp-content\/uploads\/sites\/2\/2022\/01\/MHS-calss-rank-formula.jpg\" alt=\"\" class=\"wp-image-1249\" width=\"838\" height=\"1143\" srcset=\"https:\/\/www.millardk12.org\/mhs\/wp-content\/uploads\/sites\/2\/2022\/01\/MHS-calss-rank-formula.jpg 527w, https:\/\/www.millardk12.org\/mhs\/wp-content\/uploads\/sites\/2\/2022\/01\/MHS-calss-rank-formula-220x300.jpg 220w\" sizes=\"auto, (max-width: 838px) 100vw, 838px\" \/><\/figure>\n","protected":false},"excerpt":{"rendered":"<p>Class Rank Millard High School calculates class rank in it&#8217;s own way, for Seniors, for the purpose of selecting a Valedictorian, Salutatorian, High Honor and Honor Students. The formula used takes into account&nbsp;not only a students GPA, but also factors in their ACT score (all Juniors take the ACT in school in the spring for [&hellip;]<\/p>\n","protected":false},"author":48,"featured_media":0,"parent":505,"menu_order":0,"comment_status":"closed","ping_status":"closed","template":"","meta":{"footnotes":""},"class_list":["post-1248","page","type-page","status-publish","hentry"],"_links":{"self":[{"href":"https:\/\/www.millardk12.org\/mhs\/wp-json\/wp\/v2\/pages\/1248","targetHints":{"allow":["GET"]}}],"collection":[{"href":"https:\/\/www.millardk12.org\/mhs\/wp-json\/wp\/v2\/pages"}],"about":[{"href":"https:\/\/www.millardk12.org\/mhs\/wp-json\/wp\/v2\/types\/page"}],"author":[{"embeddable":true,"href":"https:\/\/www.millardk12.org\/mhs\/wp-json\/wp\/v2\/users\/48"}],"replies":[{"embeddable":true,"href":"https:\/\/www.millardk12.org\/mhs\/wp-json\/wp\/v2\/comments?post=1248"}],"version-history":[{"count":3,"href":"https:\/\/www.millardk12.org\/mhs\/wp-json\/wp\/v2\/pages\/1248\/revisions"}],"predecessor-version":[{"id":1666,"href":"https:\/\/www.millardk12.org\/mhs\/wp-json\/wp\/v2\/pages\/1248\/revisions\/1666"}],"up":[{"embeddable":true,"href":"https:\/\/www.millardk12.org\/mhs\/wp-json\/wp\/v2\/pages\/505"}],"wp:attachment":[{"href":"https:\/\/www.millardk12.org\/mhs\/wp-json\/wp\/v2\/media?parent=1248"}],"curies":[{"name":"wp","href":"https:\/\/api.w.org\/{rel}","templated":true}]}}