


{"id":1252,"date":"2022-01-10T17:59:35","date_gmt":"2022-01-10T17:59:35","guid":{"rendered":"https:\/\/www.millardk12.org\/mhs\/?page_id=1252"},"modified":"2025-09-24T10:21:02","modified_gmt":"2025-09-24T17:21:02","slug":"ncaa-eligibility","status":"publish","type":"page","link":"https:\/\/www.millardk12.org\/mhs\/counseling-center\/career-college\/ncaa-eligibility\/","title":{"rendered":"NCAA Eligibility"},"content":{"rendered":"\n<h1 class=\"has-text-align-center counseling_header wp-block-heading\"><strong>NCAA Eligibility<\/strong><\/h1>\n\n\n\n<p>Student-athletes wanting to play sports in college should create an NCAA Eligibility Center (EC) account at&nbsp;<a rel=\"noreferrer noopener\" href=\"http:\/\/eligibilitycenter.org\/\" target=\"_blank\">eligibilitycenter.org<\/a>. Incoming freshman and undecided student-athletes may want to register for a free Profile Page account. Profile Page account registrants get an NCAA ID and important reminders from the EC as they complete high school.&nbsp; This type of account must be transferred to a paid Certification account when making the decision to be a college athlete.&nbsp; NCAA also requires students to complete 16 approved classes with a qualifying GPA and ACT score to play college sports.<\/p>\n\n\n\n<p>Los estudiantes-atletas que deseen practicar deportes en la universidad deben crear una cuenta en el Centro de elegibilidad (EC) de la NCAA en eligibilidadcenter.org. Los estudiantes de primer a\u00f1o y los estudiantes-atletas indecisos pueden querer registrarse para obtener una cuenta de p\u00e1gina de perfil gratuita. Los registrantes de la cuenta de la p\u00e1gina de perfil obtienen una identificaci\u00f3n de la NCAA y recordatorios importantes del EC a medida que completan la escuela secundaria. Este tipo de cuenta debe transferirse a una cuenta de Certificaci\u00f3n pagada al tomar la decisi\u00f3n de ser un atleta universitario. La NCAA tambi\u00e9n requiere que los estudiantes completen 16 clases aprobadas con un GPA que califique y un puntaje ACT para practicar deportes universitarios.<\/p>\n\n\n\n<p>&nbsp;&nbsp;<\/p>\n\n\n\n<div class=\"wp-block-image\"><figure class=\"aligncenter size-full is-resized\"><a href=\"https:\/\/web3.ncaa.org\/ecwr3\/\" target=\"_blank\" rel=\"noopener\"><img loading=\"lazy\" decoding=\"async\" src=\"https:\/\/www.millardk12.org\/mhs\/wp-content\/uploads\/sites\/2\/2022\/01\/ncaa.jpeg\" alt=\"\" class=\"wp-image-1253\" width=\"370\" height=\"200\" srcset=\"https:\/\/www.millardk12.org\/mhs\/wp-content\/uploads\/sites\/2\/2022\/01\/ncaa.jpeg 306w, https:\/\/www.millardk12.org\/mhs\/wp-content\/uploads\/sites\/2\/2022\/01\/ncaa-300x162.jpeg 300w\" sizes=\"auto, (max-width: 370px) 100vw, 370px\" \/><\/a><\/figure><\/div>\n\n\n\n<h2 class=\"has-text-align-center wp-block-heading\"><a href=\"http:\/\/fs.ncaa.org\/Docs\/eligibility_center\/Student_Resources\/DI_ReqsFactSheet.pdf\" target=\"_blank\" rel=\"noreferrer noopener\">NCAA Division 1 Requirements<\/a><\/h2>\n\n\n\n<p>Universities in Utah are Division 1.  Junior Colleges, like Snow college and Salt Lake Community College, do not require NCAA approval to play sports.<\/p>\n\n\n\n<p>Las universidades en Utah son de la Divisi\u00f3n 1. Las universidades junior, como Snow College y Salt Lake Community College, no requieren la aprobaci\u00f3n de la NCAA para practicar deportes.<\/p>\n\n\n\n<h2 class=\"has-text-align-center wp-block-heading\">MHS Classes Approved by NCAA (must take 16)<\/h2>\n\n\n\n<figure class=\"wp-block-image size-full is-resized\"><img loading=\"lazy\" decoding=\"async\" src=\"https:\/\/www.millardk12.org\/mhs\/wp-content\/uploads\/sites\/2\/2022\/01\/Approved-Course-List-for-MHS-1.jpg\" alt=\"\" class=\"wp-image-1255\" width=\"840\" height=\"1124\" srcset=\"https:\/\/www.millardk12.org\/mhs\/wp-content\/uploads\/sites\/2\/2022\/01\/Approved-Course-List-for-MHS-1.jpg 592w, https:\/\/www.millardk12.org\/mhs\/wp-content\/uploads\/sites\/2\/2022\/01\/Approved-Course-List-for-MHS-1-224x300.jpg 224w\" sizes=\"auto, (max-width: 840px) 100vw, 840px\" \/><\/figure>\n\n\n\n<figure class=\"wp-block-image size-full is-resized\"><img loading=\"lazy\" decoding=\"async\" src=\"https:\/\/www.millardk12.org\/mhs\/wp-content\/uploads\/sites\/2\/2022\/01\/Approved-Course-List-for-MHS-2.jpg\" alt=\"\" class=\"wp-image-1254\" width=\"841\" height=\"898\" srcset=\"https:\/\/www.millardk12.org\/mhs\/wp-content\/uploads\/sites\/2\/2022\/01\/Approved-Course-List-for-MHS-2.jpg 589w, https:\/\/www.millardk12.org\/mhs\/wp-content\/uploads\/sites\/2\/2022\/01\/Approved-Course-List-for-MHS-2-281x300.jpg 281w\" sizes=\"auto, (max-width: 841px) 100vw, 841px\" \/><\/figure>\n\n\n\n<p><\/p>\n\n\n\n<figure class=\"wp-block-embed is-type-video is-provider-youtube wp-block-embed-youtube wp-embed-aspect-16-9 wp-has-aspect-ratio\"><div class=\"wp-block-embed__wrapper\">\n<iframe loading=\"lazy\" title=\"What High School Athletes Need to Know About the NCAA Eligibility Center\" width=\"1050\" height=\"591\" src=\"https:\/\/www.youtube.com\/embed\/PFOykiw57p4?feature=oembed\" frameborder=\"0\" allow=\"accelerometer; autoplay; clipboard-write; encrypted-media; gyroscope; picture-in-picture\" allowfullscreen><\/iframe>\n<\/div><\/figure>\n\n\n\n<div style=\"height:79px\" aria-hidden=\"true\" class=\"wp-block-spacer\"><\/div>\n\n\n<a href=\"https:\/\/www.millardk12.org\/mhs\/wp-content\/uploads\/sites\/2\/2022\/02\/CBSA.pdf\" class=\"pdfemb-viewer\" style=\"\" data-width=\"max\" data-height=\"max\" data-toolbar=\"bottom\" data-toolbar-fixed=\"off\">CBSA<\/a>\n<p class=\"wp-block-pdfemb-pdf-embedder-viewer\"><\/p>\n\n\n\n<div style=\"height:59px\" aria-hidden=\"true\" class=\"wp-block-spacer\"><\/div>\n\n\n<a href=\"https:\/\/www.millardk12.org\/mhs\/wp-content\/uploads\/sites\/2\/2022\/02\/NCAA-International_Guide.pdf\" class=\"pdfemb-viewer\" style=\"\" data-width=\"max\" data-height=\"max\" data-toolbar=\"bottom\" data-toolbar-fixed=\"off\">NCAA-International_Guide<\/a>\n<p class=\"wp-block-pdfemb-pdf-embedder-viewer\"><\/p>\n","protected":false},"excerpt":{"rendered":"<p>NCAA Eligibility Student-athletes wanting to play sports in college should create an NCAA Eligibility Center (EC) account at&nbsp;eligibilitycenter.org. Incoming freshman and undecided student-athletes may want to register for a free Profile Page account. Profile Page account registrants get an NCAA ID and important reminders from the EC as they complete high school.&nbsp; This type of [&hellip;]<\/p>\n","protected":false},"author":48,"featured_media":0,"parent":3331,"menu_order":0,"comment_status":"closed","ping_status":"closed","template":"","meta":{"footnotes":""},"class_list":["post-1252","page","type-page","status-publish","hentry"],"_links":{"self":[{"href":"https:\/\/www.millardk12.org\/mhs\/wp-json\/wp\/v2\/pages\/1252","targetHints":{"allow":["GET"]}}],"collection":[{"href":"https:\/\/www.millardk12.org\/mhs\/wp-json\/wp\/v2\/pages"}],"about":[{"href":"https:\/\/www.millardk12.org\/mhs\/wp-json\/wp\/v2\/types\/page"}],"author":[{"embeddable":true,"href":"https:\/\/www.millardk12.org\/mhs\/wp-json\/wp\/v2\/users\/48"}],"replies":[{"embeddable":true,"href":"https:\/\/www.millardk12.org\/mhs\/wp-json\/wp\/v2\/comments?post=1252"}],"version-history":[{"count":11,"href":"https:\/\/www.millardk12.org\/mhs\/wp-json\/wp\/v2\/pages\/1252\/revisions"}],"predecessor-version":[{"id":1882,"href":"https:\/\/www.millardk12.org\/mhs\/wp-json\/wp\/v2\/pages\/1252\/revisions\/1882"}],"up":[{"embeddable":true,"href":"https:\/\/www.millardk12.org\/mhs\/wp-json\/wp\/v2\/pages\/3331"}],"wp:attachment":[{"href":"https:\/\/www.millardk12.org\/mhs\/wp-json\/wp\/v2\/media?parent=1252"}],"curies":[{"name":"wp","href":"https:\/\/api.w.org\/{rel}","templated":true}]}}