


{"id":1265,"date":"2022-01-10T23:57:36","date_gmt":"2022-01-10T23:57:36","guid":{"rendered":"https:\/\/www.millardk12.org\/mhs\/?page_id=1265"},"modified":"2022-01-18T03:10:53","modified_gmt":"2022-01-18T03:10:53","slug":"national-testing-information","status":"publish","type":"page","link":"https:\/\/www.millardk12.org\/mhs\/counseling-center\/national-testing-information\/","title":{"rendered":"National Testing Information"},"content":{"rendered":"\n<h1 class=\"has-text-align-center counseling_header wp-block-heading\"><strong>National Testing Information<\/strong><\/h1>\n\n\n\n<div class=\"wp-block-image\"><figure class=\"aligncenter size-full is-resized\"><a href=\"https:\/\/www.act.org\/\" target=\"_blank\" rel=\"noopener\"><img loading=\"lazy\" decoding=\"async\" src=\"https:\/\/www.millardk12.org\/mhs\/wp-content\/uploads\/sites\/2\/2022\/01\/ACT.jpeg\" alt=\"\" class=\"wp-image-1266\" width=\"422\" height=\"197\" srcset=\"https:\/\/www.millardk12.org\/mhs\/wp-content\/uploads\/sites\/2\/2022\/01\/ACT.jpeg 328w, https:\/\/www.millardk12.org\/mhs\/wp-content\/uploads\/sites\/2\/2022\/01\/ACT-300x141.jpeg 300w\" sizes=\"auto, (max-width: 422px) 100vw, 422px\" \/><\/a><\/figure><\/div>\n\n\n\n<h2 class=\"wp-block-heading\">About the ACT<\/h2>\n\n\n\n<p>The ACT is an entrance exam used by most colleges and universities to make admissions decisions. It is a multiple-choice, pencil-and-paper test administered by ACT, Inc.<br><br>The purpose of the ACT test is to measure a high school student&#8217;s readiness for college,\u00a0and\u00a0provide colleges with one common\u00a0data point that can be used to compare all applicants.\u00a0College admissions officers\u00a0will review standardized test scores alongside your high school GPA, the classes you took in high school, letters of recommendation from teachers or mentors, extracurricular activities, admissions interviews, and personal essays. How important ACT scores are in the college application process varies from school to school.<br><br>Overall, the higher you score on the ACT and\/or SAT, the more options for attending and paying for college will be available to you.<\/p>\n\n\n\n<p>El ACT es un examen de ingreso utilizado por la mayor\u00eda de los colegios y universidades para tomar decisiones de admisi\u00f3n. Es una prueba de opci\u00f3n m\u00faltiple, l\u00e1piz y papel, administrada por ACT, Inc.<\/p>\n\n\n\n<p>El prop\u00f3sito de la prueba ACT es medir la preparaci\u00f3n de un estudiante de secundaria para la universidad y proporcionar a las universidades un punto de datos com\u00fan que se puede usar para comparar a todos los solicitantes. Los oficiales de admisiones universitarias revisar\u00e1n los puntajes de las pruebas estandarizadas junto con su GPA de la escuela secundaria, las clases que tom\u00f3 en la escuela secundaria, las cartas de recomendaci\u00f3n de maestros o mentores, las actividades extracurriculares, las entrevistas de admisi\u00f3n y los ensayos personales. La importancia de los puntajes de ACT en el proceso de solicitud de ingreso a la universidad var\u00eda de una escuela a otra.<\/p>\n\n\n\n<p>En general, cuanto m\u00e1s alto obtengas en el ACT y\/o el SAT, tendr\u00e1s m\u00e1s opciones disponibles para asistir y pagar la universidad.<\/p>\n\n\n\n<h2 class=\"wp-block-heading\">When should I take the ACT?<\/h2>\n\n\n\n<p>Students can take and retake the test any year in high school.  Juniors will take the test in school for free in the spring.  The last chance to take the test to get scores back in time for college and scholarship applications is December.  Students typically do better the second time they take the test.  It&#8217;s important to leave time to re-take the test if you need to raise your score before you apply to college. The ACT exam is offered nationally every year in September, October, December, February*, April, June, and July*.\u00a0\u00a0View all upcoming\u00a0<strong>\u00a0<a rel=\"noreferrer noopener\" href=\"https:\/\/www.princetonreview.com\/college\/act-test-dates\" target=\"_blank\">ACT test dates.<\/a><\/strong><\/p>\n\n\n\n<p>Los estudiantes pueden tomar y volver a tomar la prueba en cualquier a\u00f1o de la escuela secundaria. Juniors tomar\u00e1 la prueba en la escuela de forma gratuita en la primavera. La \u00faltima oportunidad de tomar el examen para recuperar los puntajes a tiempo para la universidad y las solicitudes de becas es en diciembre. Por lo general, a los estudiantes les va mejor la segunda vez que toman el examen. Es importante dejar tiempo para volver a tomar el examen si necesita mejorar su puntaje antes de postularse a la universidad. El examen ACT se ofrece a nivel nacional todos los a\u00f1os en septiembre, octubre, diciembre, febrero<em>, abril, junio y julio<\/em>. Ver todas las pr\u00f3ximas fechas de ex\u00e1menes ACT.<\/p>\n\n\n\n<h2 class=\"wp-block-heading\">What&nbsp;is on the ACT?<\/h2>\n\n\n\n<p>There are four&nbsp;<a href=\"https:\/\/www.princetonreview.com\/college\/act-sections\" target=\"_blank\" rel=\"noreferrer noopener\">ACT sections:&nbsp;<\/a>&nbsp;<\/p>\n\n\n\n<ul class=\"wp-block-list\"><li>English<\/li><li>Reading<\/li><li>Math<\/li><li>Science<\/li><\/ul>\n\n\n\n<p>The ACT also includes an\u00a0optional 40-minute Writing Test. Some\u00a0colleges outside of Utah may require that you complete the ACT Writing Test. You can confirm each college&#8217;s admissions policies by checking their school website.  <\/p>\n\n\n\n<p>Hay cuatro secciones ACT:<\/p>\n\n\n\n<ul class=\"wp-block-list\"><li>Ingl\u00e9s<\/li><li>Leer<\/li><li>Matem\u00e1ticas<\/li><li>Ciencias<\/li><\/ul>\n\n\n\n<p>El ACT tambi\u00e9n incluye una prueba de escritura opcional de 40 minutos. Algunas universidades fuera de Utah pueden requerir que completes el examen de escritura ACT. Puede confirmar las pol\u00edticas de admisi\u00f3n de cada universidad consultando el sitio web de su escuela.<\/p>\n\n\n\n<h2 class=\"wp-block-heading\">How long is the ACT?<\/h2>\n\n\n\n<p>The ACT is\u00a0<a rel=\"noreferrer noopener\" href=\"https:\/\/www.princetonreview.com\/college-advice\/how-long-is-the-act\" target=\"_blank\">2 hours and 55 minutes long<\/a>. If you choose to take the ACT with Essay, the test will take be 3 hours and 35 minutes.<\/p>\n\n\n\n<p>El ACT tiene una duraci\u00f3n de 2 horas y 55 minutos. Si elige tomar el ACT con ensayo, la prueba tomar\u00e1 3 horas y 35 minutos.<\/p>\n\n\n\n<h2 class=\"wp-block-heading\">How is the ACT scored?<\/h2>\n\n\n\n<p>Each section of the ACT is scored on a 1 to 36 point scale. Your composite ACT score is the average of your four section scores, also on a scale from 1 to 36. If you take the ACT with Writing Test, you will receive a separate score on the Writing Test.  <\/p>\n\n\n\n<p>Cada secci\u00f3n del ACT se califica en una escala de 1 a 36 puntos. Tu puntaje ACT compuesto es el promedio de tus puntajes de cuatro secciones, tambi\u00e9n en una escala de 1 a 36. Si tomas el ACT con el examen de escritura, recibir\u00e1s un puntaje separado en el examen de escritura.<\/p>\n\n\n\n<h2 class=\"wp-block-heading\">Should I take the ACT or the SAT?<\/h2>\n\n\n\n<p>Utah is an ACT state, though the SAT may be acceptable to some schools as well.  Colleges outside of Utah will likely accept scores from either the SAT or ACT. That said, you will want to check the preference of the colleges you are applying to outside of Utah. To find out more about the SAT and to register to test go to the <a rel=\"noreferrer noopener\" href=\"https:\/\/satsuite.collegeboard.org\/sat\/registration?excmpid=mtg461-st-1-pst\" target=\"_blank\">SAT website<\/a>.<\/p>\n\n\n\n<p>Utah es un estado ACT, aunque el SAT tambi\u00e9n puede ser aceptable para algunas escuelas. Es probable que las universidades fuera de Utah acepten puntajes del SAT o ACT. Dicho esto, querr\u00e1 verificar la preferencia de las universidades a las que est\u00e1 solicitando ingreso fuera de Utah. Para obtener m\u00e1s informaci\u00f3n sobre el SAT y registrarse para la prueba, visite el sitio web del SAT.<\/p>\n\n\n\n<h2 class=\"wp-block-heading\">How do I register for the ACT?<\/h2>\n\n\n\n<p>Registration deadlines fall approximately five weeks before each\u00a0ACT test date. You can register online on the\u00a0<a rel=\"noreferrer noopener\" href=\"https:\/\/www.act.org\/content\/act\/en\/products-and-services\/the-act\/registration.html\" target=\"_blank\">ACT website.<\/a><\/p>\n\n\n\n<p>Los plazos de inscripci\u00f3n caen aproximadamente cinco semanas antes de la fecha de cada examen ACT. Puede registrarse en l\u00ednea en el sitio web de ACT.<\/p>\n\n\n\n<h2 class=\"wp-block-heading\">How can I prep for the ACT?<\/h2>\n\n\n\n<p>ACT offers study materials for a fee.  There are many free options online that you can search for.  Utah has purchased ACT study materials through Shmoop.  Here is how to access Shmoop step by step:                                                                                                                         <\/p>\n\n\n\n<ol class=\"wp-block-list\"><li>Go to schools.shmoop.com<\/li><li>Click \u201cGo\u201d next to where it says, \u201cNeed to register with a new school or starting a new year,\u201d<\/li><li>Enter student Magic Word: FLATTOP 5 (this changes every year) <\/li><li>Select your school from the alphabetized list, log in or create an account if you are new to Shmoop <\/li><li>Finally, join a classroom and get started! You\u2019ll be directed to Shmoop\u2019s Utah page.&nbsp; For help, email <a href=\"mailto:support@shmoop.com\">support@shmoop.com<\/a>.<\/li><\/ol>\n\n\n\n<p>ACT ofrece materiales de estudio por una tarifa. Hay muchas opciones gratuitas en l\u00ednea que puede buscar. Utah ha comprado materiales de estudio de ACT a trav\u00e9s de Shmoop. A continuaci\u00f3n se explica c\u00f3mo acceder a Shmoop paso a paso:<\/p>\n\n\n\n<ol class=\"wp-block-list\"><li>Ir a schools.shmoop.com<\/li><li>Haga clic en &#8220;Ir&#8221; junto a donde dice &#8220;Necesita registrarse en una nueva escuela o comenzar un nuevo a\u00f1o&#8221;.<\/li><li>Ingrese la palabra m\u00e1gica del estudiante: FLATTOP 5 (esto cambia cada a\u00f1o)<\/li><li>Seleccione su escuela de la lista alfab\u00e9tica, inicie sesi\u00f3n o cree una cuenta si es nuevo en Shmoop<\/li><li>\u00a1Finalmente, \u00fanete a un sal\u00f3n de clases y comienza! Ser\u00e1s dirigido a la p\u00e1gina de Utah de Shmoop. Para obtener ayuda, env\u00ede un correo electr\u00f3nico a support@shmoop.com.<\/li><\/ol>\n\n\n<a href=\"https:\/\/www.millardk12.org\/mhs\/wp-content\/uploads\/sites\/2\/2022\/01\/ACT-tips-and-tricks-pg-1.pdf\" class=\"pdfemb-viewer\" style=\"\" data-width=\"max\" data-height=\"max\" data-toolbar=\"bottom\" data-toolbar-fixed=\"off\">ACT-tips-and-tricks-pg-1<\/a>\n<p class=\"wp-block-pdfemb-pdf-embedder-viewer\"><\/p>\n\n\n<a href=\"https:\/\/www.millardk12.org\/mhs\/wp-content\/uploads\/sites\/2\/2022\/01\/ACT-tips-and-tricks-pg-2.pdf\" class=\"pdfemb-viewer\" style=\"\" data-width=\"max\" data-height=\"max\" data-toolbar=\"bottom\" data-toolbar-fixed=\"off\">ACT-tips-and-tricks-pg-2<\/a>\n<p class=\"wp-block-pdfemb-pdf-embedder-viewer\"><\/p>\n\n\n\n<p><\/p>\n\n\n\n<div style=\"height:100px\" aria-hidden=\"true\" class=\"wp-block-spacer\"><\/div>\n\n\n\n<div class=\"wp-block-image\"><figure class=\"aligncenter size-full is-resized\"><a href=\"https:\/\/satsuite.collegeboard.org\/psat-nmsqt\" target=\"_blank\" rel=\"noopener\"><img loading=\"lazy\" decoding=\"async\" src=\"https:\/\/www.millardk12.org\/mhs\/wp-content\/uploads\/sites\/2\/2022\/01\/psat.jpeg\" alt=\"\" class=\"wp-image-1267\" width=\"426\" height=\"216\" srcset=\"https:\/\/www.millardk12.org\/mhs\/wp-content\/uploads\/sites\/2\/2022\/01\/psat.jpeg 315w, https:\/\/www.millardk12.org\/mhs\/wp-content\/uploads\/sites\/2\/2022\/01\/psat-300x152.jpeg 300w\" sizes=\"auto, (max-width: 426px) 100vw, 426px\" \/><\/a><\/figure><\/div>\n\n\n\n<p>The\u00a0PSAT\/NMSQT\u00a0is a\u00a0standardized test\u00a0that 11th graders (and some 10th graders) take in October. Like the\u00a0SAT, it measures the knowledge and skills in reading, writing, and math students learn in the classroom\u2014the same knowledge and skills needed to succeed in college and career.<\/p>\n\n\n\n<p>El PSAT\/NMSQT es un examen estandarizado que los estudiantes de 11\u00b0 grado (y algunos de 10\u00b0 grado) toman en octubre. Al igual que el SAT, mide el conocimiento y las habilidades en lectura, escritura y matem\u00e1ticas que los estudiantes aprenden en el sal\u00f3n de clases: los mismos conocimientos y habilidades necesarios para tener \u00e9xito en la universidad y la carrera.<\/p>\n\n\n\n<h2 class=\"wp-block-heading\">Fast Facts<\/h2>\n\n\n\n<ul class=\"wp-block-list\"><li>Students sign up for the PSAT\/NMSQT at their school\u2014not online.&nbsp;<\/li><li>By taking the PSAT\/NMSQT as a junior, students may meet the requirements to enter the National Merit\u00ae Scholarship Program, an academic competition for recognition and scholarships. Additionally, the SAT, PSAT\/NMSQT, and PSAT 10 connect students to another $300 million in college scholarships for students across major demographics.&nbsp;<a href=\"https:\/\/satsuite.collegeboard.org\/psat-nmsqt\/scholarships-recognition\" target=\"_blank\" rel=\"noreferrer noopener\">Learn more about the scholarships.<\/a><\/li><li>The PSAT\/NMSQT has three parts: the Reading Test, the Writing and Language Test, and the Math Test.&nbsp;<a rel=\"noreferrer noopener\" href=\"https:\/\/collegereadiness.collegeboard.org\/psat-nmsqt-psat-10\/inside-the-test\" target=\"_blank\">See sample PSAT\/NMSQT questions.<\/a><\/li><li>Taking the PSAT is excellent practice for taking the SAT.<\/li><li>PSAT\/NMSQT scores are available online in December.&nbsp;<a href=\"https:\/\/parents.collegeboard.org\/college-board-programs\/psat-nmsqt#\" target=\"_blank\" rel=\"noreferrer noopener\">Here&#8217;s how to see scores.<\/a><\/li><li>We never send PSAT\/NMSQT scores to colleges.<\/li><\/ul>\n\n\n\n<div style=\"height:100px\" aria-hidden=\"true\" class=\"wp-block-spacer\"><\/div>\n\n\n\n<div class=\"wp-block-image\"><figure class=\"aligncenter size-full\"><a href=\"https:\/\/www.officialasvab.com\/\" target=\"_blank\" rel=\"noopener\"><img loading=\"lazy\" decoding=\"async\" width=\"500\" height=\"235\" src=\"https:\/\/www.millardk12.org\/mhs\/wp-content\/uploads\/sites\/2\/2022\/01\/asvab_testing.jpg\" alt=\"\" class=\"wp-image-1268\" srcset=\"https:\/\/www.millardk12.org\/mhs\/wp-content\/uploads\/sites\/2\/2022\/01\/asvab_testing.jpg 500w, https:\/\/www.millardk12.org\/mhs\/wp-content\/uploads\/sites\/2\/2022\/01\/asvab_testing-300x141.jpg 300w\" sizes=\"auto, (max-width: 500px) 100vw, 500px\" \/><\/a><\/figure><\/div>\n\n\n\n<p>The ASVAB is a timed, multi-aptitude test that helps the military to determine whether you are a good fit to join the service, which service branch you might be best for and which&nbsp;<a href=\"https:\/\/www.military.com\/join-armed-forces\/military-jobs\" target=\"_blank\" rel=\"noreferrer noopener\">military jobs<\/a>&nbsp;you would be suited to after you finish basic training or boot camp. The better your&nbsp;<a href=\"https:\/\/www.military.com\/join-armed-forces\/asvab\/asvab-scores-and-military-jobs.html\" target=\"_blank\" rel=\"noreferrer noopener\">ASVAB score<\/a>, the broader your options.  You do not HAVE to join the military if you take the ASVAB.  Whether you want to join the military or not, the ASVAB connects you with a great career exploration tool and has a conversion tool that allows you to see how you might score on the ACT.<\/p>\n\n\n\n<p>The ASVAB is given at MHS to interested Juniors and Seniors in the Fall.  A follow-up meeting is held where a military representative comes to interpret scores and give students access to all the free online tools associated with the ASVAB.<\/p>\n\n\n\n<p>El ASVAB es una prueba cronometrada de aptitudes m\u00faltiples que ayuda a las fuerzas armadas a determinar si usted es apto para unirse al servicio militar, para qu\u00e9 rama del servicio podr\u00eda ser mejor y para qu\u00e9 trabajos militares ser\u00eda apto despu\u00e9s de terminar el entrenamiento b\u00e1sico o campo de entrenamiento. Cuanto mejor sea su puntaje ASVAB, m\u00e1s amplias ser\u00e1n sus opciones. No TIENES que unirte al ej\u00e9rcito si tomas el ASVAB. Ya sea que desee unirse a las fuerzas armadas o no, ASVAB lo conecta con una excelente herramienta de exploraci\u00f3n de carreras y tiene una herramienta de conversi\u00f3n que le permite ver c\u00f3mo podr\u00eda calificar en el ACT.<\/p>\n\n\n\n<p>El ASVAB se entrega en MHS a los estudiantes de tercer y cuarto a\u00f1o interesados \u200b\u200ben el oto\u00f1o. Se lleva a cabo una reuni\u00f3n de seguimiento donde un representante militar viene a interpretar los puntajes y les brinda a los estudiantes acceso a todas las herramientas en l\u00ednea gratuitas asociadas con ASVAB.<\/p>\n","protected":false},"excerpt":{"rendered":"<p>National Testing Information About the ACT The ACT is an entrance exam used by most colleges and universities to make admissions decisions. It is a multiple-choice, pencil-and-paper test administered by ACT, Inc. The purpose of the ACT test is to measure a high school student&#8217;s readiness for college,\u00a0and\u00a0provide colleges with one common\u00a0data point that can [&hellip;]<\/p>\n","protected":false},"author":48,"featured_media":0,"parent":505,"menu_order":0,"comment_status":"closed","ping_status":"closed","template":"pages\/left-sidebar.php","meta":{"footnotes":""},"class_list":["post-1265","page","type-page","status-publish","hentry"],"_links":{"self":[{"href":"https:\/\/www.millardk12.org\/mhs\/wp-json\/wp\/v2\/pages\/1265","targetHints":{"allow":["GET"]}}],"collection":[{"href":"https:\/\/www.millardk12.org\/mhs\/wp-json\/wp\/v2\/pages"}],"about":[{"href":"https:\/\/www.millardk12.org\/mhs\/wp-json\/wp\/v2\/types\/page"}],"author":[{"embeddable":true,"href":"https:\/\/www.millardk12.org\/mhs\/wp-json\/wp\/v2\/users\/48"}],"replies":[{"embeddable":true,"href":"https:\/\/www.millardk12.org\/mhs\/wp-json\/wp\/v2\/comments?post=1265"}],"version-history":[{"count":15,"href":"https:\/\/www.millardk12.org\/mhs\/wp-json\/wp\/v2\/pages\/1265\/revisions"}],"predecessor-version":[{"id":1688,"href":"https:\/\/www.millardk12.org\/mhs\/wp-json\/wp\/v2\/pages\/1265\/revisions\/1688"}],"up":[{"embeddable":true,"href":"https:\/\/www.millardk12.org\/mhs\/wp-json\/wp\/v2\/pages\/505"}],"wp:attachment":[{"href":"https:\/\/www.millardk12.org\/mhs\/wp-json\/wp\/v2\/media?parent=1265"}],"curies":[{"name":"wp","href":"https:\/\/api.w.org\/{rel}","templated":true}]}}