


{"id":3347,"date":"2025-09-04T12:26:23","date_gmt":"2025-09-04T19:26:23","guid":{"rendered":"https:\/\/www.millardk12.org\/mhs\/?page_id=3347"},"modified":"2025-09-17T09:29:03","modified_gmt":"2025-09-17T16:29:03","slug":"fafsa-free-application-for-federal-student-aid","status":"publish","type":"page","link":"https:\/\/www.millardk12.org\/mhs\/counseling-center\/fafsa-free-application-for-federal-student-aid\/","title":{"rendered":"FAFSA (Free Application for Federal Student Aid)"},"content":{"rendered":"\n<h2 class=\"wp-block-heading\">FAFSA<\/h2>\n\n\n\n<div class=\"wp-block-buttons is-layout-flex wp-block-buttons-is-layout-flex\">\n<div class=\"wp-block-button\"><a class=\"wp-block-button__link wp-element-button\" href=\"https:\/\/www.millardk12.org\/mhs\/counseling-center\/federal-financial-student-aid\/\">What is FAFSA<\/a><\/div>\n<\/div>\n\n\n\n<div class=\"wp-block-buttons is-layout-flex wp-block-buttons-is-layout-flex\">\n<div class=\"wp-block-button\"><a class=\"wp-block-button__link wp-element-button\" href=\"https:\/\/studentaid.gov\/h\/apply-for-aid\/fafsa\">FAFSA Application<\/a><\/div>\n<\/div>\n\n\n\n<div class=\"wp-block-buttons is-layout-flex wp-block-buttons-is-layout-flex\">\n<div class=\"wp-block-button\"><a class=\"wp-block-button__link wp-element-button\" href=\"https:\/\/studentaid.gov\/apply-for-aid\/fafsa\/filling-out\/help\/videos-infographics-list\">FAFSA Walk-through Video<\/a><\/div>\n<\/div>\n\n\n\n<figure class=\"wp-block-image size-full is-resized\"><img loading=\"lazy\" decoding=\"async\" width=\"501\" height=\"511\" src=\"https:\/\/www.millardk12.org\/mhs\/wp-content\/uploads\/sites\/2\/2025\/09\/fafsa.jpg\" alt=\"\" class=\"wp-image-3350\" style=\"width:537px;height:auto\" srcset=\"https:\/\/www.millardk12.org\/mhs\/wp-content\/uploads\/sites\/2\/2025\/09\/fafsa.jpg 501w, https:\/\/www.millardk12.org\/mhs\/wp-content\/uploads\/sites\/2\/2025\/09\/fafsa-294x300.jpg 294w\" sizes=\"auto, (max-width: 501px) 100vw, 501px\" \/><\/figure>\n\n\n\n<h5 class=\"wp-block-heading has-text-align-center\">*&nbsp; Make sure to take the ACT by your Junior year and fill out the FAFSA (online Federal financial aid form) in October of your Senior year. You should fill out the FAFSA even if you do not think you will receive aid or plan to use it if you do. The FAFSA is required by some colleges and scholarships (such as the Opportunity scholarship listed above), so it is a good idea to fill it out to be sure you are eligible for all scholarship opportunities.<\/h5>\n\n\n\n<h5 class=\"wp-block-heading has-text-align-center\">* Aseg\u00farese de tomar el ACT antes de su tercer a\u00f1o y complete la FAFSA (formulario de ayuda financiera federal en l\u00ednea) en octubre de su \u00faltimo a\u00f1o. Debe completar la FAFSA incluso si no cree que recibir\u00e1 ayuda o planea usarla si la recibe. Algunas universidades y becas requieren la FAFSA (como la beca de Oportunidad mencionada anteriormente), por lo que es una buena idea completarla para asegurarse de que es elegible para todas las oportunidades de becas.<\/h5>\n\n\n\n<p><\/p>\n","protected":false},"excerpt":{"rendered":"<p>FAFSA *&nbsp; Make sure to take the ACT by your Junior year and fill out the FAFSA (online Federal financial aid form) in October of your Senior year. You should fill out the FAFSA even if you do not think you will receive aid or plan to use it if you do. The FAFSA is [&hellip;]<\/p>\n","protected":false},"author":53,"featured_media":0,"parent":505,"menu_order":0,"comment_status":"closed","ping_status":"closed","template":"","meta":{"footnotes":""},"class_list":["post-3347","page","type-page","status-publish","hentry"],"_links":{"self":[{"href":"https:\/\/www.millardk12.org\/mhs\/wp-json\/wp\/v2\/pages\/3347","targetHints":{"allow":["GET"]}}],"collection":[{"href":"https:\/\/www.millardk12.org\/mhs\/wp-json\/wp\/v2\/pages"}],"about":[{"href":"https:\/\/www.millardk12.org\/mhs\/wp-json\/wp\/v2\/types\/page"}],"author":[{"embeddable":true,"href":"https:\/\/www.millardk12.org\/mhs\/wp-json\/wp\/v2\/users\/53"}],"replies":[{"embeddable":true,"href":"https:\/\/www.millardk12.org\/mhs\/wp-json\/wp\/v2\/comments?post=3347"}],"version-history":[{"count":3,"href":"https:\/\/www.millardk12.org\/mhs\/wp-json\/wp\/v2\/pages\/3347\/revisions"}],"predecessor-version":[{"id":3604,"href":"https:\/\/www.millardk12.org\/mhs\/wp-json\/wp\/v2\/pages\/3347\/revisions\/3604"}],"up":[{"embeddable":true,"href":"https:\/\/www.millardk12.org\/mhs\/wp-json\/wp\/v2\/pages\/505"}],"wp:attachment":[{"href":"https:\/\/www.millardk12.org\/mhs\/wp-json\/wp\/v2\/media?parent=3347"}],"curies":[{"name":"wp","href":"https:\/\/api.w.org\/{rel}","templated":true}]}}